{"id":3576,"date":"2022-06-07T19:29:16","date_gmt":"2022-06-07T17:29:16","guid":{"rendered":"https:\/\/dev.como-domo.com\/?page_id=3576"},"modified":"2024-05-08T10:54:21","modified_gmt":"2024-05-08T08:54:21","slug":"privacy-policy","status":"publish","type":"page","link":"https:\/\/dev.como-domo.com\/de\/datenschutzbestimmungen\/","title":{"rendered":"Datenschutzbestimmungen"},"content":{"rendered":"<div id=\"fws_69e26487dc344\"  data-column-margin=\"default\" data-midnight=\"dark\" data-top-percent=\"3%\" data-bottom-percent=\"3%\"  class=\"wpb_row vc_row-fluid vc_row\"  style=\"padding-top: calc(100vw * 0.03); padding-bottom: calc(100vw * 0.03); \"><div class=\"row-bg-wrap\" data-bg-animation=\"none\" data-bg-animation-delay=\"\" data-bg-overlay=\"false\"><div class=\"inner-wrap row-bg-layer\" ><div class=\"row-bg viewport-desktop\"  style=\"\"><\/div><\/div><\/div><div class=\"row_col_wrap_12 col span_12 dark left\">\n\t<div  class=\"vc_col-sm-12 wpb_column column_container vc_column_container col no-extra-padding inherit_tablet inherit_phone\"  data-padding-pos=\"all\" data-has-bg-color=\"false\" data-bg-color=\"\" data-bg-opacity=\"1\" data-animation=\"\" data-delay=\"0\" >\n\t\t<div class=\"vc_column-inner\" >\n\t\t\t<div class=\"wpb_wrapper\">\n\t\t\t\t\n<div class=\"wpb_text_column wpb_content_element\" >\n\t<div class=\"wpb_wrapper\">\n\t\t<h1>Datenschutzbestimmungen<\/h1>\n\t<\/div>\n<\/div>\n\n\n\n\n\t\t\t<\/div> \n\t\t<\/div>\n\t<\/div> \n<\/div><\/div>\n\t\t<div id=\"fws_69e26487dc847\"  data-column-margin=\"default\" data-midnight=\"dark\"  class=\"wpb_row vc_row-fluid vc_row\"  style=\"padding-top: 0px; padding-bottom: 0px; \"><div class=\"row-bg-wrap\" data-bg-animation=\"none\" data-bg-animation-delay=\"\" data-bg-overlay=\"false\"><div class=\"inner-wrap row-bg-layer\" ><div class=\"row-bg viewport-desktop\"  style=\"\"><\/div><\/div><\/div><div class=\"row_col_wrap_12 col span_12 dark left\">\n\t<div  class=\"vc_col-sm-12 wpb_column column_container vc_column_container col no-extra-padding inherit_tablet inherit_phone\"  data-padding-pos=\"all\" data-has-bg-color=\"false\" data-bg-color=\"\" data-bg-opacity=\"1\" data-animation=\"\" data-delay=\"0\" >\n\t\t<div class=\"vc_column-inner\" >\n\t\t\t<div class=\"wpb_wrapper\">\n\t\t\t\t\n<div class=\"wpb_text_column wpb_content_element\" >\n\t<div class=\"wpb_wrapper\">\n\t\t<p><strong>DATENSCHUTZPOLITIK F\u00dcR DIE WEBSITE: www.como-domo.com<\/strong><\/p>\n<h3>1. Wer ist der f\u00fcr die Verarbeitung Ihrer Daten Verantwortliche?<\/h3>\n<p>Der Inhaber der Datenverarbeitung, die sich auf die verschiedenen Prozesse der Verwaltung von Benutzern, Kunden und potenziellen Kunden, Mitarbeitern und Lieferanten bezieht, hat seinen Sitz in (Provinz) und eine Umsatzsteuernummer.<br \/>\nF\u00fcr die Zwecke unserer Datenschutzpolitik lautet die Kontakttelefonnummer und die Kontakt-E-Mail-Adresse: info@como-domo.com.<\/p>\n<h3>2. Welche Art von Daten haben wir \u00fcber Sie und wie haben wir sie erhalten?<\/h3>\n<p>Zu den Kategorien personenbezogener Daten, die wir \u00fcber unsere Nutzer verarbeiten, geh\u00f6ren:<br \/>\n\u2981 Personenbezogene Daten zur Identifizierung<br \/>\n\u2981 Postanschrift oder elektronische E-Mail, Telefonkontaktnummer<br \/>\n\u2981 Kommerzielle Informationen<br \/>\n\u2981 Wirtschafts- und Transaktionsdaten<\/p>\n<p>Alle oben genannten Daten haben wir erhalten oder direkt von Ihnen durch die Vorlage eines kommerziellen Angebots, Vertragsvorschlag, etc. oder durch Ihr Unternehmen, um uns mit Identifikationsdaten und anderen Informationen, die notwendig sind, um den Zweck der vertraglichen Beziehung zwischen den Parteien durchzuf\u00fchren. Sie oder Ihr Unternehmen sind verpflichtet, uns im Falle einer \u00c4nderung die aktualisierten Daten zu \u00fcbermitteln.<br \/>\nWas die Daten von Stellenbewerbern betrifft, so haben wir Ihre personenbezogenen Daten erhalten, indem wir einen Lebenslauf in Ihrem Namen eingereicht haben oder Ihre Bewerbung \u00fcber die Dienste eines Stellenportals erhalten haben. Im letzteren Fall haben Sie der \u00dcbermittlung Ihrer personenbezogenen Daten an unser Unternehmen zugestimmt, indem Sie Ihre Lebenslaufdaten in das Stellenportal eingegeben haben.<\/p>\n<h3>3. Wie lange werden wir Ihre Daten aufbewahren?<\/h3>\n<p>Die personenbezogenen Daten von Personen, die mit potenziellen Kunden, Kunden und Lieferanten verbunden sind, die \u00fcber die verschiedenen Kontakt- und\/oder Informationserfassungsformulare gesammelt werden, werden so lange aufbewahrt, wie die L\u00f6schung nicht von der betroffenen Partei gefordert wird. Die von unseren Kunden und Lieferanten zur Verf\u00fcgung gestellten personenbezogenen Daten werden aufbewahrt, solange die Gesch\u00e4ftsbeziehung zwischen den Parteien aufrechterhalten wird, wobei in jedem Fall die gesetzlichen Mindestaufbewahrungsfristen f\u00fcr die jeweilige Angelegenheit eingehalten werden.<br \/>\nIn jedem Fall werden wir Ihre personenbezogenen Daten f\u00fcr einen Zeitraum aufbewahren, der vern\u00fcnftigerweise notwendig ist, um auf auftretende Fragen zu reagieren oder Probleme zu l\u00f6sen, Verbesserungen vorzunehmen, neue Dienste zu aktivieren und die Anforderungen des geltenden Rechts zu erf\u00fcllen. Nach Ablauf dieses Zeitraums werden Ihre personenbezogenen Daten aus allen Systemen von .<\/p>\n<h3>4. Was ist die Rechtsgrundlage f\u00fcr die Verarbeitung Ihrer Daten?<\/h3>\n<p>In TODOCOMODOMO, S.L. verarbeiten wir die von den betroffenen Personen zur Verf\u00fcgung gestellten personenbezogenen Daten, um verschiedene Aktivit\u00e4ten zu verwalten, die sich aus spezifischen Verfahren in den Bereichen Verkauf, Kundendienst, Lieferantenmanagement, Bewerbermanagement, Qualit\u00e4t der Dienstleistungen usw. ergeben. Auf diese Weise werden wir Ihre Daten verwenden, um einige der folgenden Ma\u00dfnahmen auf der Grundlage der jeweiligen Rechtsgrundlage durchzuf\u00fchren:<\/p>\n<p>In Bezug auf die oben genannten Rechtsgrundlagen sind Sie verpflichtet, personenbezogene Daten zur Verf\u00fcgung zu stellen. Wenn Sie Ihre personenbezogenen Daten nicht zur Verf\u00fcgung stellen, kann Ihr Vertrag nicht ausgef\u00fchrt werden oder die gesetzlichen oder beh\u00f6rdlichen Verpflichtungen nicht erf\u00fcllt werden.<\/p>\n<h3>5. An welche Empf\u00e4nger werden Ihre Daten weitergegeben?<\/h3>\n<p>TODOCOMODOMO, S.L. wird Ihre pers\u00f6nlichen Daten niemals an Dritte weitergeben, die diese f\u00fcr ihre Direktmarketing-Aktionen nutzen wollen, es sei denn, Sie haben uns ausdr\u00fccklich dazu erm\u00e4chtigt.Wir informieren Sie dar\u00fcber, dass wir Ihre pers\u00f6nlichen Daten an \u00f6ffentliche Verwaltungen und zust\u00e4ndige Beh\u00f6rden weitergeben k\u00f6nnen, wenn TODOCOMODOMO, S.L. TODOCOMODOMO, S.L. kann Ihre personenbezogenen Daten an Dritte weitergeben (z.B. an Internetdienstleister, die uns bei der Verwaltung unserer Website oder bei der Ausf\u00fchrung der vertraglich vereinbarten Dienstleistungen helfen, an Support- und IT-Wartungsunternehmen, an Logistikunternehmen, an Agenturen sowie an Steuer- und Buchhaltungsb\u00fcros usw.), wenn wir nach Treu und Glauben der Ansicht sind, dass dies vern\u00fcnftigerweise erforderlich ist, um einem Gerichtsverfahren nachzukommen. In jedem Fall m\u00fcssen diese Dritten jederzeit das gleiche Sicherheitsniveau wie TODOCOMODOMO, S.L. in Bezug auf Ihre pers\u00f6nlichen Daten aufrechterhalten und sind, wenn n\u00f6tig, durch gesetzliche Verpflichtungen gebunden, um Ihre pers\u00f6nlichen Daten privat und sicher zu halten und um die Informationen nur nach spezifischen Anweisungen von TODOCOMODOMO, S.L. zu verwenden.<\/p>\n<h3>6 . Welche Rechte haben Sie als betroffene oder interessierte Person?<\/h3>\n<p>Jede Person hat das Recht, eine Best\u00e4tigung dar\u00fcber zu erhalten, ob TODOCOMODOMO, S.L. sie betreffende personenbezogene Daten verarbeitet oder nicht. Insbesondere kann die betroffene Person das Recht auf Zugang zu ihren personenbezogenen Daten verlangen und diese in einem strukturierten, allgemein verwendeten und maschinenlesbaren Format erhalten (Recht auf Daten\u00fcbertragbarkeit).Dar\u00fcber hinaus k\u00f6nnen die betroffenen Personen unter bestimmten Umst\u00e4nden die Einschr\u00e4nkung der Verarbeitung ihrer Daten verlangen oder unter bestimmten Umst\u00e4nden und aus Gr\u00fcnden, die mit ihrer besonderen Situation zusammenh\u00e4ngen, ihr Recht auf Widerspruch gegen die Verarbeitung ihrer personenbezogenen Daten aus\u00fcben. TODOCOMODOMO, S.L. wird die Verarbeitung der Daten einstellen, es sei denn, es liegen zwingende legitime Gr\u00fcnde vor oder es geht um die Geltendmachung oder Verteidigung m\u00f6glicher Anspr\u00fcche oder um die in den geltenden Vorschriften festgelegten Ausnahmen.<\/p>\n<p>Ebenso informieren wir Sie dar\u00fcber, dass Sie das Recht haben, die erteilten Einwilligungen jederzeit zu l\u00f6schen, ohne dass die Rechtm\u00e4\u00dfigkeit der auf der vorherigen Einwilligung beruhenden Verarbeitung ber\u00fchrt wird, um diese zu widerrufen.<\/p>\n<p>Ebenso wird der Nutzer dar\u00fcber informiert, dass er jederzeit die oben genannten Rechte aus\u00fcben kann, indem er sich schriftlich an uns wendet und die Kontaktdaten verwendet, die in Abschnitt 1, \"Verantwortlicher f\u00fcr die Datenverarbeitung\", der vorliegenden Datenschutzpolitik von TODOCOMODOMO, S.L. aufgef\u00fchrt sind.<\/p>\n<p>Sie haben auch das Recht, bei der spanischen Datenschutzbeh\u00f6rde Klage zu erheben, insbesondere dann, wenn Sie bei der Aus\u00fcbung Ihrer Rechte nicht befriedigt wurden.<\/p>\n<p>Agencia Espa\u00f1ola de Protecci\u00f3n de Datos.<br \/>\nC\/ Jorge Juan, 6 - 28001 - Madrid<br \/>\nTelf. +34-901100099 \/ +34-912663517<\/p>\n<h3>7. Schutz der pers\u00f6nlichen Daten bei der Nutzung der Webseite durch die Benutzer.<\/h3>\n<p>In \u00dcbereinstimmung mit der geltenden Verordnung (EU) 2016\/679 informiert TODOCOMODOMO, S.L., dass die personenbezogenen Daten der Nutzer der Website (wie die Daten, die Sie uns \u00fcber die ausgef\u00fcllten Formulare zur Verf\u00fcgung stellen, und die Metadaten, die mit diesen Formularen verbunden sind: Datum, Uhrzeit des Absendens, Absende-IP, usw.) f\u00fcr die in jedem Formular der Datenerfassung auf unserer Website angegebene Verarbeitungst\u00e4tigkeit im Namen von TODOCOMODOMO, S.L. behandelt werden. Die besagte Verarbeitung Ihrer Daten erfolgt aufgrund Ihrer Zustimmung. Durch Anklicken der Schaltfl\u00e4che \"SENDEN\" erkl\u00e4rt sich der Benutzer mit der Verarbeitung seiner pers\u00f6nlichen Daten durch TODOCOMODOMO, S.L. einverstanden.<\/p>\n<p>Au\u00dferdem informieren wir Sie dar\u00fcber, dass TODOCOMODOMO, S.L. Ihre Daten nicht an Dritte weitergibt, es sei denn, Sie sind gesetzlich dazu verpflichtet oder geben Ihre ausdr\u00fcckliche Zustimmung.<\/p>\n<p>Ebenso wird die betroffene Person dar\u00fcber informiert, dass sie jederzeit das Recht auf Auskunft, Berichtigung oder L\u00f6schung von Daten sowie andere in diesem Dokument anerkannte und in der Verordnung (EU) 2016\/679 geregelte Rechte aus\u00fcben kann, indem sie sich schriftlich an uns wendet und die in Abschnitt 1, \"F\u00fcr die Verarbeitung Verantwortlicher\", angegebenen Kontaktdaten verwendet.<\/p>\n<p>Dar\u00fcber hinaus verpflichtet sich das Unternehmen gem\u00e4\u00df den Bestimmungen des Gesetzes 34\/2002 vom 11. Juli \u00fcber die Dienste der Informationsgesellschaft und des elektronischen Handels, keine Werbung per E-Mail zu versenden, ohne zuvor die ausdr\u00fcckliche Zustimmung des Empf\u00e4ngers eingeholt zu haben. Der Betroffene kann sich der Zusendung von Werbung widersetzen, indem er das entsprechende K\u00e4stchen ankreuzt.<\/p>\n<h3>8. Weitere interessante Informationen \u00fcber unsere Datenschutzpolitik<\/h3>\n<p><strong>8.1 Sicherheitsma\u00dfnahmen<\/strong><\/p>\n<p>TODOCOMODOMO, S.L. wendet die von den geltenden europ\u00e4ischen und spanischen Datenschutzvorschriften geforderten Sicherheitsniveaus an und ber\u00fccksichtigt dabei den Stand der Technik, die Kosten der Umsetzung und die Art, den Umfang, den Kontext und die Zwecke der Verarbeitung sowie die Risiken unterschiedlicher Wahrscheinlichkeit und Schwere f\u00fcr die Rechte und Freiheiten nat\u00fcrlicher Personen, die von der Verarbeitung ausgehen.<\/p>\n<p><strong>8.2 Datenverarbeitung von Minderj\u00e4hrigen<\/strong><\/p>\n<p>Gem\u00e4\u00df der Verordnung (EU) 2016\/679 und der LOPDGDD 3\/2018 k\u00f6nnen Minderj\u00e4hrige ab 14 Jahren ihre Zustimmung zur Inanspruchnahme von Diensten der Informationsgesellschaft geben, wie z. B. die Registrierung in einem Forum, das Ausf\u00fcllen eines Kontaktformulars usw. Es liegt jedoch in der Verantwortung von TODOCOMODOMO, S.L., die Richtigkeit der Altersangabe des Minderj\u00e4hrigen zu \u00fcberpr\u00fcfen.<\/p>\n<p>Die Verarbeitung von Daten von Minderj\u00e4hrigen unter 14 Jahren ist nur dann rechtm\u00e4\u00dfig, wenn und soweit der Tr\u00e4ger der elterlichen Verantwortung f\u00fcr das Kind seine Zustimmung erteilt oder genehmigt hat.<\/p>\n<p><strong>8.3 \u00c4nderungen unserer Datenschutz- und Datensicherheitspolitik<\/strong><\/p>\n<p>Bitte beachten Sie, dass TODOCOMODOMO, S.L. diese Datenschutzpolitik f\u00fcr Kunden, Lieferanten und Benutzer aktualisieren oder \u00e4ndern kann. Bitte \u00fcberpr\u00fcfen Sie diesen Abschnitt regelm\u00e4\u00dfig, um zu sehen, welche \u00c4nderungen es gegeben hat und wie diese Sie betreffen k\u00f6nnen.<\/p>\n<p><strong>8.4 Warum ist es notwendig, diese Datenschutz- und Geheimhaltungspolitik zu akzeptieren?<\/strong><\/p>\n<p>Dieser Abschnitt der Datenschutzpolitik f\u00fcr Kunden, Lieferanten und Benutzer der Website von TODOCOMODOMO, S.L. bietet Ihnen auf leicht zug\u00e4ngliche Weise alle notwendigen Informationen, damit Sie wissen, welche Art von personenbezogenen Daten \u00fcber Kunden, Lieferanten und Benutzer gespeichert werden, welche Zwecke verfolgt werden, welche Rechte Ihnen als betroffene Person durch die Datenschutzbestimmungen zuerkannt werden und wie Sie diese Rechte aus\u00fcben k\u00f6nnen. Daher gehen wir davon aus, dass Sie mit der absichtlichen \u00dcbermittlung Ihrer pers\u00f6nlichen Daten durch unsere Kontaktmittel und\/oder mit dem Beginn der Gesch\u00e4ftsbeziehung mit unserem Unternehmen die Verarbeitung Ihrer pers\u00f6nlichen Daten, wie in dieser Politik beschrieben, anerkennen und akzeptieren. Diese pers\u00f6nlichen Daten werden nur f\u00fcr die Zwecke verwendet, f\u00fcr die Sie sie uns zur Verf\u00fcgung gestellt haben oder f\u00fcr die uns bestimmte nationale oder regionale Vorschriften dies erlauben.<\/p>\n<p>In jedem Fall m\u00fcssen wir Sie darauf hinweisen, dass eine Weigerung Ihrerseits, bestimmte angeforderte Informationen zur Verf\u00fcgung zu stellen, die Entwicklung der vertraglichen Beziehung zwischen den Parteien behindern k\u00f6nnte, was schwerwiegende Folgen f\u00fcr die Erbringung der verschiedenen Leistungen haben k\u00f6nnte, die im Handelsvertrag mit dem Vertragspartner vorgesehen sind.<\/p>\n<p>Wenn Sie Fragen zu diesem Abschnitt der Datenschutzrichtlinie f\u00fcr Kunden, Lieferanten und Nutzer von haben, wenden Sie sich bitte an das Unternehmen unter der im ersten Abschnitt Data Controller\" angegebenen Adresse.<\/p>\n<h3>9. Geltende Rechtsvorschriften<\/h3>\n<p>Diese Bedingungen unterliegen jederzeit den Bestimmungen der spanischen und europ\u00e4ischen Gesetzgebung zum Schutz der pers\u00f6nlichen Daten und der Privatsph\u00e4re.<\/p>\n<p><strong>\u00a0<\/strong><\/p>\n\t<\/div>\n<\/div>\n\n\n\n\n\t\t\t<\/div> \n\t\t<\/div>\n\t<\/div> \n<\/div><\/div>","protected":false},"excerpt":{"rendered":"Datenschutzpolitik DATENSCHUTZPOLITIK F\u00dcR DIE WEBSITE: www.como-domo.com 1. Wer ist der Inhaber der Datenverarbeitung Ihrer Daten? Der f\u00fcr die Datenverarbeitung Verantwortliche bezieht sich auf die verschiedenen Prozesse, die...","protected":false},"author":1,"featured_media":0,"parent":0,"menu_order":0,"comment_status":"closed","ping_status":"closed","template":"","meta":{"_acf_changed":false,"footnotes":""},"class_list":["post-3576","page","type-page","status-publish"],"acf":[],"_links":{"self":[{"href":"https:\/\/dev.como-domo.com\/de\/wp-json\/wp\/v2\/pages\/3576","targetHints":{"allow":["GET"]}}],"collection":[{"href":"https:\/\/dev.como-domo.com\/de\/wp-json\/wp\/v2\/pages"}],"about":[{"href":"https:\/\/dev.como-domo.com\/de\/wp-json\/wp\/v2\/types\/page"}],"author":[{"embeddable":true,"href":"https:\/\/dev.como-domo.com\/de\/wp-json\/wp\/v2\/users\/1"}],"replies":[{"embeddable":true,"href":"https:\/\/dev.como-domo.com\/de\/wp-json\/wp\/v2\/comments?post=3576"}],"version-history":[{"count":24,"href":"https:\/\/dev.como-domo.com\/de\/wp-json\/wp\/v2\/pages\/3576\/revisions"}],"predecessor-version":[{"id":8629,"href":"https:\/\/dev.como-domo.com\/de\/wp-json\/wp\/v2\/pages\/3576\/revisions\/8629"}],"wp:attachment":[{"href":"https:\/\/dev.como-domo.com\/de\/wp-json\/wp\/v2\/media?parent=3576"}],"curies":[{"name":"wp","href":"https:\/\/api.w.org\/{rel}","templated":true}]}}