{"id":539,"date":"2021-07-29T06:41:42","date_gmt":"2021-07-29T04:41:42","guid":{"rendered":"https:\/\/dev.como-domo.com\/?page_id=539"},"modified":"2024-02-23T12:01:46","modified_gmt":"2024-02-23T11:01:46","slug":"terms-of-use","status":"publish","type":"page","link":"https:\/\/dev.como-domo.com\/de\/nutzungsbedingungen\/","title":{"rendered":"Bedingungen f\u00fcr die Nutzung"},"content":{"rendered":"<div id=\"fws_69e264af9b594\"  data-column-margin=\"default\" data-midnight=\"dark\" data-top-percent=\"3%\" data-bottom-percent=\"3%\"  class=\"wpb_row vc_row-fluid vc_row\"  style=\"padding-top: calc(100vw * 0.03); padding-bottom: calc(100vw * 0.03); \"><div class=\"row-bg-wrap\" data-bg-animation=\"none\" data-bg-animation-delay=\"\" data-bg-overlay=\"false\"><div class=\"inner-wrap row-bg-layer\" ><div class=\"row-bg viewport-desktop\"  style=\"\"><\/div><\/div><\/div><div class=\"row_col_wrap_12 col span_12 dark left\">\n\t<div  class=\"vc_col-sm-12 wpb_column column_container vc_column_container col no-extra-padding inherit_tablet inherit_phone\"  data-padding-pos=\"all\" data-has-bg-color=\"false\" data-bg-color=\"\" data-bg-opacity=\"1\" data-animation=\"\" data-delay=\"0\" >\n\t\t<div class=\"vc_column-inner\" >\n\t\t\t<div class=\"wpb_wrapper\">\n\t\t\t\t\n<div class=\"wpb_text_column wpb_content_element\" >\n\t<div class=\"wpb_wrapper\">\n\t\t<h1>Bedingungen f\u00fcr die Nutzung<\/h1>\n\t<\/div>\n<\/div>\n\n\n\n\n\t\t\t<\/div> \n\t\t<\/div>\n\t<\/div> \n<\/div><\/div>\n\t\t<div id=\"artistas\"  data-column-margin=\"default\" data-midnight=\"dark\"  class=\"wpb_row vc_row-fluid vc_row\"  style=\"padding-top: 0px; padding-bottom: 0px; \"><div class=\"row-bg-wrap\" data-bg-animation=\"none\" data-bg-animation-delay=\"\" data-bg-overlay=\"false\"><div class=\"inner-wrap row-bg-layer\" ><div class=\"row-bg viewport-desktop\"  style=\"\"><\/div><\/div><\/div><div class=\"row_col_wrap_12 col span_12 dark left\">\n\t<div  class=\"vc_col-sm-12 wpb_column column_container vc_column_container col no-extra-padding inherit_tablet inherit_phone\"  data-padding-pos=\"all\" data-has-bg-color=\"false\" data-bg-color=\"\" data-bg-opacity=\"1\" data-animation=\"\" data-delay=\"0\" >\n\t\t<div class=\"vc_column-inner\" >\n\t\t\t<div class=\"wpb_wrapper\">\n\t\t\t\t\n<div class=\"wpb_text_column wpb_content_element\" >\n\t<div class=\"wpb_wrapper\">\n\t\t<p>RECHTLICHER HINWEIS<\/p>\n<p><em>In \u00dcbereinstimmung mit dem Gesetz <\/em><em>34\/2002, vom 11. Juli<\/em><em>, <\/em><em>Dienstleistungen Informationsgesellschaft und elektronischer Gesch\u00e4ftsverkehr <\/em><em>\u00a0(Ley de Servicios de la Sociedad de la Informaci\u00f3n y de Comercio Electr\u00f3nico -LSSI)<\/em><em>,<\/em><em>\u00a0 informieren wir:<\/em><\/p>\n<ol>\n<li><\/li>\n<\/ol>\n<ul>\n<li>--<strong>F\u00fcr Unternehmen, AAPP, Organismen usw. - je nach Fall angeben:<\/strong> ---<\/li>\n<\/ul>\n<p>Der Dienstanbieter der Website ist TODOCOMODOMO, S.L., mit Sitz in der Calle Ferraz, 48 28008 Madrid (Provinz Madrid) und der Steueridentifikationsnummer <strong>B56837479<\/strong>\u00a0 Das Unternehmen ist im Handelsregister eingetragen.<\/p>\n<p>F\u00fcr die Zwecke dieses Dokuments lautet die Kontakt-E-Mail-Adresse todocomodomo@gmail.com.<\/p>\n<p><strong>Dieser rechtliche Hinweis regelt die Nutzung der Domain.<br \/>\n<\/strong>Die Nutzung dieser Website bedeutet, dass Sie mit den in dieser Mitteilung enthaltenen Bedingungen einverstanden sind. Im Falle von bestimmten Dienstleistungen, Inhalten und \/ oder Tools \u00fcber diese Website angeboten, die die Anwendung von besonderen Bedingungen erfordern, werden diese zur Verf\u00fcgung zu stellen Benutzer.<\/p>\n<p>Au\u00dferdem weist TODOCOMODOMO, S.L. darauf hin, dass sowohl der Inhalt und die Dienstleistungen dieser Website als auch die eigenen Nutzungsbedingungen ohne vorherige Ank\u00fcndigung ge\u00e4ndert werden k\u00f6nnen.<\/p>\n<ol start=\"2\">\n<li><strong>Bedingungen f\u00fcr die Nutzung<\/strong><strong>.<\/strong><\/li>\n<\/ol>\n<p>Der Nutzer verpflichtet sich, wahrheitsgem\u00e4\u00dfe, genaue und vollst\u00e4ndige Angaben zu seiner Identit\u00e4t zu machen.<\/p>\n<p>Dar\u00fcber hinaus verpflichtet sich der Nutzer, die pers\u00f6nlichen Daten, die dem Domaininhaber zur Verf\u00fcgung gestellt werden k\u00f6nnen, auf dem neuesten Stand zu halten; daher ist das Datensubjekt allein f\u00fcr die Unwahrheiten oder Ungenauigkeiten verantwortlich.<\/p>\n<p>Im Falle von Minderj\u00e4hrigen, m\u00fcssen sie die Erlaubnis ihrer Eltern, die f\u00fcr das Sorgerecht f\u00fcr einen Minderj\u00e4hrigen oder gesetzlichen Vertretern, um Zugang zu den angebotenen Dienstleistungen haben. TODOCOMODOMO, S.L. ist nicht verantwortlich im Falle von ungenauen oder falschen Daten im Zusammenhang mit diesem Thema.<\/p>\n<ul>\n<li>Die Website darf nur zu rechtm\u00e4\u00dfigen Zwecken genutzt werden; daher verpflichtet sich der Nutzer, die Dienste der Website nicht f\u00fcr Handlungen zu nutzen, die gegen die spanische Gesetzgebung, die Moral und die \u00f6ffentliche Ordnung versto\u00dfen, sondern sie im Rahmen dieser Nutzungsbedingungen rechtm\u00e4\u00dfig und fair zu nutzen. Der Nutzer haftet f\u00fcr alle Sch\u00e4den, die dem Inhaber dieser Website oder Dritten durch rechtswidrige Praktiken oder unzul\u00e4ssige Handlungen wie die folgenden entstehen k\u00f6nnen:<\/li>\n<\/ul>\n<p>&nbsp;<\/p>\n<ul>\n<li>Um ohne vorherige Zustimmung eine Manipulation oder Ver\u00e4nderung dieser Seite vorzunehmen, \u00fcbernimmt der Inhaber der Website keine Haftung, die aus einer solchen Manipulation oder Ver\u00e4nderung durch Dritte entsteht.<\/li>\n<li>Ma\u00dfnahmen zu ergreifen, die die Website und ihre Dienste besch\u00e4digen, deaktivieren, \u00fcberlasten oder beeintr\u00e4chtigen k\u00f6nnten, sowie die normale Nutzung und Verwendung durch die Nutzer zu verhindern<\/li>\n<li>Computersoftware, Daten, besch\u00e4digte Dateien, Viren, b\u00f6sartige Codes, Computer- oder Telekommunikationsger\u00e4te oder andere Dinge einzuf\u00fchren und\/oder zu verwenden, die diese Website besch\u00e4digen, unabh\u00e4ngig von ihrer Art.<\/li>\n<li>Verletzung der Rechte der Privatsph\u00e4re, des Selbstbildes, der Vertraulichkeit der Kommunikation, des geistigen Eigentums und des gewerblichen Eigentums von Dritten.<\/li>\n<li>Verbergen und Verschleiern der Herkunft von<\/li>\n<li>Die Verwendung falscher Identit\u00e4ten, um die Identit\u00e4t anderer bei der Nutzung dieser Website oder der Inanspruchnahme ihrer Dienste zu ersetzen.<\/li>\n<li>Den Inhalt dieser Seite wiederzugeben, zu verbreiten, zu ver\u00e4ndern oder zu kopieren, es sei denn, Sie haben die Erlaubnis des Inhabers dieser Website oder sind rechtlich dazu berechtigt.<\/li>\n<li>\u00dcbermittlung von Namen und Passw\u00f6rtern an unbefugte Dritte.<\/li>\n<\/ul>\n<p>TODOCOMODOMO, S.L. haftet nicht f\u00fcr Links zu anderen Websites und ihre Existenz bedeutet nicht, dass TODOCOMODOMO, S.L. deren Inhalte und Dienstleistungen billigt oder akzeptiert. Diese anderen Websites werden nicht von TODOCOMODOMO, S.L. kontrolliert und unterliegen auch nicht der vorliegenden Datenschutzpolitik. Wenn Sie \u00fcber die angegebenen Links auf andere Websites zugreifen, k\u00f6nnen die Betreiber dieser Websites Ihre pers\u00f6nlichen Daten erfassen. Vergewissern Sie sich, dass Sie mit den Datenschutzrichtlinien dieser Websites einverstanden sind, bevor Sie pers\u00f6nliche Daten angeben.<\/p>\n<p>Im Allgemeinen schlie\u00dft der Domaininhaber seine Haftung f\u00fcr Sch\u00e4den aus, die sich aus der Nutzung der Website oder aus der Verletzung von Rechten an geistigem und gewerblichem Eigentum durch Nutzer und \/ oder mangelnde Wahrhaftigkeit, Genauigkeit und Aktualit\u00e4t der Inhalte ergeben k\u00f6nnen. Weder kann erforderlich sein, Verantwortlichkeiten f\u00fcr die Domains Inhaber aufgrund von Unterbrechungen der Dienstleistungen, unerw\u00fcnschte Operationen oder Unf\u00e4higkeit, den Dienst zugreifen.<\/p>\n<p>Der Domaininhaber haftet nicht f\u00fcr Sch\u00e4den, die durch das Vorhandensein von Viren oder anderer sch\u00e4dlicher Software verursacht werden, die Ver\u00e4nderungen im Computersystem des Nutzers hervorrufen k\u00f6nnten.<\/p>\n<p>Die Website, ihre Programme, Designs, Logos, Texte und \/ oder Grafiken sind Eigentum des Anbieters der Website oder verf\u00fcgt \u00fcber eine entsprechende Lizenz oder ausdr\u00fcckliche Genehmigung der Autoren.<\/p>\n<p>Jede vollst\u00e4ndige oder teilweise Vervielf\u00e4ltigung, Nutzung, Verwertung, Verbreitung und Vermarktung bedarf stets der vorherigen <strong>Genehmigung<\/strong><strong> der<\/strong> <strong>Domaininhaber<\/strong><strong>.<\/strong><\/p>\n<p>Der Nutzer verpflichtet sich, keine Handlungen vorzunehmen, die den Rechten des geistigen und gewerblichen Eigentums des Urhebers zuwiderlaufen.<\/p>\n<p>Der Dienstanbieter gestattet Dritten, direkt auf die spezifischen Inhalte dieser Website zu verweisen, sollte aber auf die Haupt-Website des Anbieters umgeleitet werden.<\/p>\n<ol start=\"3\">\n<li><strong>Verwendung von Cookies<\/strong><\/li>\n<\/ol>\n<ul>\n<li>--Option 1, je nach Fall entfernen: ---<\/li>\n<\/ul>\n<p>TODOCOMODOMO, S.L. als Anbieter dieser Website erkl\u00e4rt, dass keine automatischen Verfahren zur Sammlung von Informationen verwendet werden, um das Register der Benutzer zu speichern, die seine Website besuchen, wie z.B. \"Cookies\" und \"Spione\".<\/p>\n<p>Unsere Website darf jedoch nur in den folgenden F\u00e4llen Verfahren zur Datenerhebung einsetzen:<\/p>\n<ul>\n<li>Lassen Sie nur die Kommunikation zwischen den Ger\u00e4ten des Benutzers und dem Netz zu.<\/li>\n<li>Strenge Erbringung einer vom Nutzer ausdr\u00fccklich gew\u00fcnschten Dienstleistung.<\/li>\n<\/ul>\n<p>In diesen beiden F\u00e4llen informieren wir Sie dar\u00fcber, dass die Information und die Zustimmung des Nutzers f\u00fcr die Installation der oben genannten Cookies nicht erforderlich ist. Insbesondere hat die Artikel-29-Arbeitsgruppe in ihrer Stellungnahme 4\/20123 interpretiert, dass zu den ausgenommenen Cookies diejenigen geh\u00f6ren, die dazu bestimmt sind:<\/p>\n<ul>\n<li>\"Cookies \"Benutzerzugang<\/li>\n<li>Cookies zur Authentifizierung oder Benutzeridentifizierung (nur f\u00fcr Sitzungen)<\/li>\n<li>Sicherheits-Cookies des Benutzers<\/li>\n<li>Multimedia-Player-Sitzungscookies<\/li>\n<li>Sitzungscookies zum Ausgleich der Belastung<\/li>\n<li>Anpassungs-Cookies f\u00fcr die Benutzeroberfl\u00e4che<\/li>\n<li>Add-on-Cookies (Plug-in) zum Austausch sozialer Inhalte<\/li>\n<li>-Option 2, je nach Fall entfernen: ---<\/li>\n<\/ul>\n<p>TODOCOMODOMO, S.L. als Anbieter dieser Website erkl\u00e4rt, dass automatische Verfahren zur Sammlung von Informationen verwendet werden, um das Register der Benutzer, die seine Website besuchen, zu speichern. Klicken Sie hier, um Zugang zu unserer 'Cookie-Nutzungspolitik' zu erhalten ------<\/p>\n<ol start=\"4\">\n<li><strong> Datenschutzpolitik.<\/strong><\/li>\n<\/ol>\n<p>Sie k\u00f6nnen unsere pers\u00f6nliche Datenschutzpolitik im folgenden Abschnitt nachlesen ------<\/p>\n<ol start=\"5\">\n<li><strong> Anwendbares Recht<\/strong><\/li>\n<\/ol>\n<p>Diese Bedingungen unterliegen zu jeder Zeit den Bestimmungen der spanischen Gesetzgebung.<\/p>\n\t<\/div>\n<\/div>\n\n\n\n\n\t\t\t<\/div> \n\t\t<\/div>\n\t<\/div> \n<\/div><\/div>","protected":false},"excerpt":{"rendered":"Nutzungsbedingungen RECHTLICHER HINWEIS Gem\u00e4\u00df dem Gesetz 34\/2002 vom 11. Juli \u00fcber Dienstleistungen f\u00fcr die Informationsgesellschaft und den elektronischen Handel (Ley de Servicios de la Sociedad de la Informaci\u00f3n y de...","protected":false},"author":1,"featured_media":0,"parent":0,"menu_order":0,"comment_status":"closed","ping_status":"closed","template":"","meta":{"_acf_changed":false,"footnotes":""},"class_list":["post-539","page","type-page","status-publish"],"acf":[],"_links":{"self":[{"href":"https:\/\/dev.como-domo.com\/de\/wp-json\/wp\/v2\/pages\/539","targetHints":{"allow":["GET"]}}],"collection":[{"href":"https:\/\/dev.como-domo.com\/de\/wp-json\/wp\/v2\/pages"}],"about":[{"href":"https:\/\/dev.como-domo.com\/de\/wp-json\/wp\/v2\/types\/page"}],"author":[{"embeddable":true,"href":"https:\/\/dev.como-domo.com\/de\/wp-json\/wp\/v2\/users\/1"}],"replies":[{"embeddable":true,"href":"https:\/\/dev.como-domo.com\/de\/wp-json\/wp\/v2\/comments?post=539"}],"version-history":[{"count":13,"href":"https:\/\/dev.como-domo.com\/de\/wp-json\/wp\/v2\/pages\/539\/revisions"}],"predecessor-version":[{"id":8504,"href":"https:\/\/dev.como-domo.com\/de\/wp-json\/wp\/v2\/pages\/539\/revisions\/8504"}],"wp:attachment":[{"href":"https:\/\/dev.como-domo.com\/de\/wp-json\/wp\/v2\/media?parent=539"}],"curies":[{"name":"wp","href":"https:\/\/api.w.org\/{rel}","templated":true}]}}