{"id":3576,"date":"2022-06-07T19:29:16","date_gmt":"2022-06-07T17:29:16","guid":{"rendered":"https:\/\/dev.como-domo.com\/?page_id=3576"},"modified":"2024-05-08T10:54:21","modified_gmt":"2024-05-08T08:54:21","slug":"privacy-policy","status":"publish","type":"page","link":"https:\/\/dev.como-domo.com\/es\/politica-de-privacidad\/","title":{"rendered":"Pol\u00edtica de privacidad"},"content":{"rendered":"<div id=\"fws_69e27c22821c6\"  data-column-margin=\"default\" data-midnight=\"dark\" data-top-percent=\"3%\" data-bottom-percent=\"3%\"  class=\"wpb_row vc_row-fluid vc_row\"  style=\"padding-top: calc(100vw * 0.03); padding-bottom: calc(100vw * 0.03); \"><div class=\"row-bg-wrap\" data-bg-animation=\"none\" data-bg-animation-delay=\"\" data-bg-overlay=\"false\"><div class=\"inner-wrap row-bg-layer\" ><div class=\"row-bg viewport-desktop\"  style=\"\"><\/div><\/div><\/div><div class=\"row_col_wrap_12 col span_12 dark left\">\n\t<div  class=\"vc_col-sm-12 wpb_column column_container vc_column_container col no-extra-padding inherit_tablet inherit_phone\"  data-padding-pos=\"all\" data-has-bg-color=\"false\" data-bg-color=\"\" data-bg-opacity=\"1\" data-animation=\"\" data-delay=\"0\" >\n\t\t<div class=\"vc_column-inner\" >\n\t\t\t<div class=\"wpb_wrapper\">\n\t\t\t\t\n<div class=\"wpb_text_column wpb_content_element\" >\n\t<div class=\"wpb_wrapper\">\n\t\t<h1>Pol\u00edtica de privacidad<\/h1>\n\t<\/div>\n<\/div>\n\n\n\n\n\t\t\t<\/div> \n\t\t<\/div>\n\t<\/div> \n<\/div><\/div>\n\t\t<div id=\"fws_69e27c2282553\"  data-column-margin=\"default\" data-midnight=\"dark\"  class=\"wpb_row vc_row-fluid vc_row\"  style=\"padding-top: 0px; padding-bottom: 0px; \"><div class=\"row-bg-wrap\" data-bg-animation=\"none\" data-bg-animation-delay=\"\" data-bg-overlay=\"false\"><div class=\"inner-wrap row-bg-layer\" ><div class=\"row-bg viewport-desktop\"  style=\"\"><\/div><\/div><\/div><div class=\"row_col_wrap_12 col span_12 dark left\">\n\t<div  class=\"vc_col-sm-12 wpb_column column_container vc_column_container col no-extra-padding inherit_tablet inherit_phone\"  data-padding-pos=\"all\" data-has-bg-color=\"false\" data-bg-color=\"\" data-bg-opacity=\"1\" data-animation=\"\" data-delay=\"0\" >\n\t\t<div class=\"vc_column-inner\" >\n\t\t\t<div class=\"wpb_wrapper\">\n\t\t\t\t\n<div class=\"wpb_text_column wpb_content_element\" >\n\t<div class=\"wpb_wrapper\">\n\t\t<p><strong>POL\u00cdTICA DE PROTECCI\u00d3N DE DATOS PARA EL SITIO WEB: www.como-domo.com<\/strong><\/p>\n<h3>1. \u00bfQui\u00e9n es el responsable del tratamiento de sus datos?<\/h3>\n<p>El Responsable del Tratamiento de los datos referidos a los distintos procesos relativos a la gesti\u00f3n de usuarios, clientes y potenciales clientes, colaboradores y proveedores es con domicilio social en (provincia de ) y CIF .<br \/>\nA efectos de nuestra Pol\u00edtica de Protecci\u00f3n de Datos, el n\u00famero de tel\u00e9fono de contacto es y el correo electr\u00f3nico de contacto es: info@como-domo.com .<\/p>\n<h3>2. \u00bfQu\u00e9 tipo de datos tenemos sobre usted y c\u00f3mo los hemos obtenido?<\/h3>\n<p>Las categor\u00edas de datos personales que trata sobre sus usuarios incluyen:<br \/>\n\u2981 Datos personales de identificaci\u00f3n<br \/>\n\u2981 Correo electr\u00f3nico postal o electr\u00f3nico, n\u00famero de tel\u00e9fono de contacto<br \/>\n\u2981 Informaci\u00f3n comercial<br \/>\n\u2981 Datos econ\u00f3micos y de transacciones<\/p>\n<p>Todos los datos anteriores los hemos obtenido o directamente de usted a trav\u00e9s de la presentaci\u00f3n de una oferta comercial, propuesta contractual, etc. o a trav\u00e9s de su empresa para que nos facilite los datos identificativos y dem\u00e1s informaci\u00f3n necesaria para llevar a cabo el objeto de la relaci\u00f3n contractual entre las partes. Ser\u00e1 obligaci\u00f3n suya o de su empresa facilitarnos los datos actualizados en caso de modificaci\u00f3n.<br \/>\nPor lo que respecta a los datos de los candidatos a un puesto de trabajo, hemos obtenido sus datos personales mediante la presentaci\u00f3n de un curr\u00edculum en su nombre o la obtenci\u00f3n de su candidatura a trav\u00e9s de los servicios de un portal de empleo. En este \u00faltimo caso, usted ha autorizado dicha cesi\u00f3n de sus datos personales a nuestra empresa al insertar sus datos curriculares en el portal de empleo.<\/p>\n<h3>3. \u00bfCu\u00e1nto tiempo conservaremos sus datos?<\/h3>\n<p>Los datos de car\u00e1cter personal relativos a personas f\u00edsicas vinculadas a potenciales clientes, clientes y proveedores que se recojan a trav\u00e9s de los distintos formularios de contacto y\/o recogida de informaci\u00f3n ser\u00e1n conservados mientras no se solicite su supresi\u00f3n por el interesado. Los datos de car\u00e1cter personal facilitados por nuestros clientes y proveedores se conservar\u00e1n mientras se mantenga la relaci\u00f3n comercial entre las partes, respetando en todo caso los plazos m\u00ednimos legales de conservaci\u00f3n seg\u00fan la materia.<br \/>\nEn cualquier caso, conservaremos sus datos personales durante el per\u00edodo de tiempo que sea razonablemente necesario, teniendo en cuenta nuestras necesidades para responder a las cuestiones que surjan o resolver problemas, realizar mejoras, activar nuevos servicios y cumplir los requisitos exigidos por la legislaci\u00f3n aplicable. Esto significa que podemos conservar sus datos personales durante un per\u00edodo de tiempo razonable incluso despu\u00e9s de que haya dejado de utilizar nuestros productos o haya dejado de utilizar este sitio web. Transcurrido este plazo, sus datos personales se eliminar\u00e1n de todos los sistemas de .<\/p>\n<h3>4. \u00bfCu\u00e1l es la base jur\u00eddica para el tratamiento de sus datos?<\/h3>\n<p>En TODOCOMODOMO, S.L tratamos los datos personales facilitados por los interesados con la finalidad de gestionar diferentes actividades derivadas de procedimientos espec\u00edficos realizados en materia de ventas, servicio postventa, gesti\u00f3n de proveedores, gesti\u00f3n de candidatos, calidad de servicios, etc. De este modo, utilizaremos sus datos para llevar a cabo algunas de las siguientes acciones en base a la base legal correspondiente:<\/p>\n<p>En relaci\u00f3n con la base legal mencionada anteriormente, usted est\u00e1 obligado a proporcionar sus datos personales , en el caso de que usted no proporcione sus datos personales, su contrato no puede ser ejecutado o cumplir con las obligaciones legales o derivadas de la autoridad oficial.<\/p>\n<h3>5. \u00bfA qu\u00e9 destinatarios se comunicar\u00e1n sus datos?<\/h3>\n<p>TODOCOMODOMO, S.L. nunca compartir\u00e1 sus datos personales con terceros que pretendan utilizarlos en sus acciones de marketing directo, salvo en el caso de que usted nos haya autorizado expresamente a ello.Le informamos que podemos facilitar sus datos personales a \u00f3rganos de la Administraci\u00f3n P\u00fablica y autoridades competentes en aquellos casos en que TODOCOMODOMO, S.L. reciba un requerimiento legal por parte de dichas Autoridades o en los casos en que actuando de buena fe, consideremos que dicha actuaci\u00f3n es razonablemente necesaria para cumplir con un proceso judicial; para contestar a cualquier reclamaci\u00f3n o demanda judicial; o para proteger los derechos de o de sus clientes y del p\u00fablico.TODOCOMODOMO, S.L. puede facilitar sus datos personales a terceros (por ejemplo, proveedores de servicios de Internet que nos ayudan a gestionar nuestra web o a llevar a cabo los servicios contratados, empresas de soporte y mantenimiento inform\u00e1tico, empresas de log\u00edstica, gestor\u00edas y asesor\u00edas fiscales y contables, etc.). En todo caso, estos terceros deber\u00e1n mantener, en todo momento, los mismos niveles de seguridad que TODOCOMODOMO, S.L. en relaci\u00f3n con sus datos personales y, en su caso, estar\u00e1n sujetos a compromisos legales en orden a mantener la privacidad y seguridad de sus datos personales, y en orden a utilizar \u00fanicamente la informaci\u00f3n siguiendo instrucciones espec\u00edficas de TODOCOMODOMO, S.L.<\/p>\n<h3>6 . \u00bfCu\u00e1les son sus derechos como persona afectada o interesada?<\/h3>\n<p>Cualquier persona tiene derecho a obtener confirmaci\u00f3n sobre si en TODOCOMODOMO, S.L. estamos tratando datos personales que les conciernan, o no.En particular, los Titulares podr\u00e1n solicitar el derecho de acceso a sus datos personales, as\u00ed como a recibirlos en un formato estructurado, de uso com\u00fan y lectura mec\u00e1nica (Derecho a la portabilidad de los datos).Asimismo, los Interesados podr\u00e1n solicitar el derecho de rectificaci\u00f3n de los datos inexactos o, en su caso, solicitar su supresi\u00f3n cuando, entre otros motivos, los datos ya no sean necesarios para los fines que fueron recogidos.Adem\u00e1s, en determinadas circunstancias, los Interesados podr\u00e1n solicitar la limitaci\u00f3n del tratamiento de sus datos, o en determinadas circunstancias y por motivos relacionados con su situaci\u00f3n particular, los Interesados podr\u00e1n ejercer su derecho de oposici\u00f3n a sus datos personales. TODOCOMODOMO, S.L. dejar\u00e1 de tratar los datos, salvo por motivos leg\u00edtimos imperiosos, o el ejercicio o la defensa de posibles reclamaciones o en aquellas excepciones establecidas en la normativa aplicable.<\/p>\n<p>Asimismo, le informamos que tiene derecho a la supresi\u00f3n de los consentimientos otorgados en cualquier momento, sin que ello afecte a la licitud del tratamiento basado en el consentimiento previo a su retirada.<\/p>\n<p>Asimismo, se informa al Usuario de que en cualquier momento puede ejercitar los derechos antes mencionados dirigi\u00e9ndose por escrito a nosotros utilizando los datos de contacto que aparecen en el apartado 1, 'Responsable del tratamiento' de la presente Pol\u00edtica de Protecci\u00f3n de Datos Personales de TODOCOMODOMO, S.L. En todo caso, la entidad se reserva el derecho a solicitar un documento acreditativo al solicitante con el fin de verificar su identidad y s\u00f3lo en aquellos casos en los que dicha verificaci\u00f3n no pueda realizarse por otros medios.<\/p>\n<p>Tambi\u00e9n tendr\u00e1 derecho a interponer recurso ante la Agencia Espa\u00f1ola de Protecci\u00f3n de Datos, especialmente cuando no haya obtenido satisfacci\u00f3n en el ejercicio de sus derechos.<\/p>\n<p>Agencia Espa\u00f1ola de Protecci\u00f3n de Datos.<br \/>\nC\/ Jorge Juan, 6 - 28001 - Madrid<br \/>\nTelf. +34-901100099 \/ +34-912663517<\/p>\n<h3>7. Protecci\u00f3n de datos personales en uso de los usuarios de la p\u00e1gina web.<\/h3>\n<p>De conformidad con el vigente Reglamento (UE) 2016\/679, TODOCOMODOMO, S.L. informa que los datos de car\u00e1cter personal de los usuarios de la web (tales como los datos que nos facilite a trav\u00e9s de los formularios cumplimentados y los metadatos asociados a dichos formularios: fecha, hora de env\u00edo, IP de env\u00edo, etc.) ser\u00e1n tratados para la actividad de tratamiento indicada en cada formulario de recogida de datos de nuestra web por cuenta de TODOCOMODOMO, S.L.. Dicho tratamiento de sus datos se realizar\u00e1 en virtud de su consentimiento. Al pulsar el bot\u00f3n \"ENVIAR\", el Usuario consiente el tratamiento de sus datos personales por parte de TODOCOMODOMO, S.L.<\/p>\n<p>Asimismo, le informamos que salvo obligaci\u00f3n legal o consentimiento expreso por su parte TODOCOMODOMO, S.L. no comunicar\u00e1 sus datos a terceros.<\/p>\n<p>Asimismo, se informa al Titular que en cualquier momento podr\u00e1 ejercitar los derechos de acceso, rectificaci\u00f3n o supresi\u00f3n de datos as\u00ed como disponer de otros derechos reconocidos en este documento y regulados en el Reglamento (UE) 2016\/679 dirigi\u00e9ndose por escrito a los datos de contacto que figuran en el apartado 1, 'Responsable del tratamiento'.<\/p>\n<p>Asimismo, de acuerdo con lo dispuesto en la Ley 34\/2002, de 11 de julio, de Servicios de la Sociedad de la Informaci\u00f3n y de comercio electr\u00f3nico, se compromete a no enviar publicidad a trav\u00e9s del correo electr\u00f3nico sin haber recabado previamente el consentimiento expreso del destinatario. El Titular podr\u00e1 oponerse al env\u00edo de publicidad marcando la casilla correspondiente.<\/p>\n<h3>8. Otra informaci\u00f3n de inter\u00e9s sobre nuestra pol\u00edtica de privacidad<\/h3>\n<p><strong>8.1 Medidas de seguridad<\/strong><\/p>\n<p>TODOCOMODOMO, S.L adopta los niveles de seguridad requeridos por la normativa europea y espa\u00f1ola vigente en protecci\u00f3n de datos habida cuenta del estado de la t\u00e9cnica, los costes de aplicaci\u00f3n y la naturaleza, el alcance, el contexto y los fines del tratamiento, as\u00ed como los riesgos de probabilidad y gravedad variables para los derechos y libertades de las personas f\u00edsicas que entra\u00f1a el tratamiento.<\/p>\n<p><strong>8.2 Tratamiento de datos de menores<\/strong><\/p>\n<p>En virtud del Reglamento (UE) 2016\/679 y la LOPDGDD 3\/2018, los menores de edad mayores de 14 a\u00f1os pueden prestar su consentimiento para la contrataci\u00f3n de servicios de la sociedad de la informaci\u00f3n, tales como el registro en un foro, la cumplimentaci\u00f3n de un formulario de contacto, etc. No obstante, ser\u00e1 responsabilidad de TODOCOMODOMO, S.L. comprobar la veracidad de la edad indicada por el menor.<\/p>\n<p>Para el tratamiento de datos de menores de 14 a\u00f1os, dicho tratamiento s\u00f3lo ser\u00e1 l\u00edcito en la medida en que el consentimiento sea dado o autorizado por el titular de la patria potestad sobre el menor.<\/p>\n<p><strong>8.3 Modificaciones de nuestra Pol\u00edtica de Protecci\u00f3n de Datos y Privacidad<\/strong><\/p>\n<p>Por favor, tenga en cuenta que TODOCOMODOMO, S.L. puede actualizar o cambiar esta Pol\u00edtica de Protecci\u00f3n de Datos de Clientes, Proveedores y Usuarios. Por favor, revise peri\u00f3dicamente esta secci\u00f3n para conocer los cambios que hayan podido existir y c\u00f3mo pueden afectarle.<\/p>\n<p><strong>8.4 \u00bfPor qu\u00e9 es necesario aceptar esta Pol\u00edtica de Protecci\u00f3n de Datos y Privacidad?<\/strong><\/p>\n<p>Esta secci\u00f3n de la Pol\u00edtica de Protecci\u00f3n de Datos de Clientes, Proveedores y Usuarios de la web de TODOCOMODOMO, S.L. le proporciona de forma f\u00e1cilmente accesible toda la informaci\u00f3n necesaria para que pueda conocer el tipo de datos personales que mantenemos sobre Clientes, Proveedores y Usuarios, las finalidades perseguidas, los derechos que la normativa de protecci\u00f3n de DATOS le reconoce como Titular de los mismos y la forma de ejercitar dichos derechos. Por lo tanto, con el env\u00edo deliberado de sus DATOS personales a trav\u00e9s de nuestros medios de contacto y\/o con el inicio de la relaci\u00f3n comercial con nuestra empresa, consideramos que usted reconoce y acepta el tratamiento de sus datos personales conforme a lo descrito en la presente pol\u00edtica. Estos datos personales s\u00f3lo ser\u00e1n utilizados para los fines para los que usted nos los ha facilitado o que determinadas normativas nacionales o auton\u00f3micas nos permiten.<\/p>\n<p>En todo caso, debemos advertirle que una negativa por su parte a facilitar determinada informaci\u00f3n solicitada podr\u00eda entorpecer el desarrollo de la relaci\u00f3n contractual entre las partes con posibles consecuencias graves a la hora de prestar las distintas prestaciones contempladas en el contrato mercantil con el contratante.<\/p>\n<p>Si usted tiene alguna pregunta con respecto a esta secci\u00f3n de Pol\u00edtica de Protecci\u00f3n de Datos Personales para Clientes, Proveedores y Usuarios de por favor p\u00f3ngase en contacto con la empresa utilizando la direcci\u00f3n proporcionada en la primera secci\u00f3n \"Controlador de Datos\" y estaremos encantados de ayudarle y responder a cualquier pregunta adicional que desee.<\/p>\n<h3>9. Legislaci\u00f3n aplicable<\/h3>\n<p>Las presentes condiciones se regir\u00e1n en todo momento por lo dispuesto en la legislaci\u00f3n espa\u00f1ola y europea sobre protecci\u00f3n de datos de car\u00e1cter personal y privacidad.<\/p>\n<p><strong>\u00a0<\/strong><\/p>\n\t<\/div>\n<\/div>\n\n\n\n\n\t\t\t<\/div> \n\t\t<\/div>\n\t<\/div> \n<\/div><\/div>","protected":false},"excerpt":{"rendered":"Pol\u00edtica de privacidad POL\u00cdTICA DE PROTECCI\u00d3N DE DATOS DE LA P\u00c1GINA WEB: www.como-domo.com 1. \u00bfQui\u00e9n es el Responsable del Tratamiento de sus datos? El Responsable del Tratamiento de los datos referidos a los distintos procesos relativos a...","protected":false},"author":1,"featured_media":0,"parent":0,"menu_order":0,"comment_status":"closed","ping_status":"closed","template":"","meta":{"_acf_changed":false,"footnotes":""},"class_list":["post-3576","page","type-page","status-publish"],"acf":[],"_links":{"self":[{"href":"https:\/\/dev.como-domo.com\/es\/wp-json\/wp\/v2\/pages\/3576","targetHints":{"allow":["GET"]}}],"collection":[{"href":"https:\/\/dev.como-domo.com\/es\/wp-json\/wp\/v2\/pages"}],"about":[{"href":"https:\/\/dev.como-domo.com\/es\/wp-json\/wp\/v2\/types\/page"}],"author":[{"embeddable":true,"href":"https:\/\/dev.como-domo.com\/es\/wp-json\/wp\/v2\/users\/1"}],"replies":[{"embeddable":true,"href":"https:\/\/dev.como-domo.com\/es\/wp-json\/wp\/v2\/comments?post=3576"}],"version-history":[{"count":24,"href":"https:\/\/dev.como-domo.com\/es\/wp-json\/wp\/v2\/pages\/3576\/revisions"}],"predecessor-version":[{"id":8629,"href":"https:\/\/dev.como-domo.com\/es\/wp-json\/wp\/v2\/pages\/3576\/revisions\/8629"}],"wp:attachment":[{"href":"https:\/\/dev.como-domo.com\/es\/wp-json\/wp\/v2\/media?parent=3576"}],"curies":[{"name":"wp","href":"https:\/\/api.w.org\/{rel}","templated":true}]}}