{"id":3577,"date":"2022-06-07T19:31:12","date_gmt":"2022-06-07T17:31:12","guid":{"rendered":"https:\/\/dev.como-domo.com\/?page_id=3577"},"modified":"2024-05-08T11:01:21","modified_gmt":"2024-05-08T09:01:21","slug":"legal-terms","status":"publish","type":"page","link":"https:\/\/dev.como-domo.com\/es\/terminos-legales\/","title":{"rendered":"Aviso legal"},"content":{"rendered":"<div id=\"fws_69e264bdb1743\"  data-column-margin=\"default\" data-midnight=\"dark\" data-top-percent=\"3%\" data-bottom-percent=\"3%\"  class=\"wpb_row vc_row-fluid vc_row\"  style=\"padding-top: calc(100vw * 0.03); padding-bottom: calc(100vw * 0.03); \"><div class=\"row-bg-wrap\" data-bg-animation=\"none\" data-bg-animation-delay=\"\" data-bg-overlay=\"false\"><div class=\"inner-wrap row-bg-layer\" ><div class=\"row-bg viewport-desktop\"  style=\"\"><\/div><\/div><\/div><div class=\"row_col_wrap_12 col span_12 dark left\">\n\t<div  class=\"vc_col-sm-12 wpb_column column_container vc_column_container col no-extra-padding inherit_tablet inherit_phone\"  data-padding-pos=\"all\" data-has-bg-color=\"false\" data-bg-color=\"\" data-bg-opacity=\"1\" data-animation=\"\" data-delay=\"0\" >\n\t\t<div class=\"vc_column-inner\" >\n\t\t\t<div class=\"wpb_wrapper\">\n\t\t\t\t\n<div class=\"wpb_text_column wpb_content_element\" >\n\t<div class=\"wpb_wrapper\">\n\t\t<h1>Aviso legal<\/h1>\n\t<\/div>\n<\/div>\n\n\n\n\n\t\t\t<\/div> \n\t\t<\/div>\n\t<\/div> \n<\/div><\/div>\n\t\t<div id=\"fws_69e264bdb1c5f\"  data-column-margin=\"default\" data-midnight=\"dark\"  class=\"wpb_row vc_row-fluid vc_row\"  style=\"padding-top: 0px; padding-bottom: 0px; \"><div class=\"row-bg-wrap\" data-bg-animation=\"none\" data-bg-animation-delay=\"\" data-bg-overlay=\"false\"><div class=\"inner-wrap row-bg-layer\" ><div class=\"row-bg viewport-desktop\"  style=\"\"><\/div><\/div><\/div><div class=\"row_col_wrap_12 col span_12 dark left\">\n\t<div  class=\"vc_col-sm-12 wpb_column column_container vc_column_container col no-extra-padding inherit_tablet inherit_phone\"  data-padding-pos=\"all\" data-has-bg-color=\"false\" data-bg-color=\"\" data-bg-opacity=\"1\" data-animation=\"\" data-delay=\"0\" >\n\t\t<div class=\"vc_column-inner\" >\n\t\t\t<div class=\"wpb_wrapper\">\n\t\t\t\t\n<div class=\"wpb_text_column wpb_content_element\" >\n\t<div class=\"wpb_wrapper\">\n\t\t<div>En cumplimiento de la Ley 34\/2002, de 11 de julio, de Servicios de la Sociedad de la Informaci\u00f3n y de Comercio Electr\u00f3nico (LSSI), informamos:<\/div>\n<div><\/div>\n<h3>Prop\u00f3sito.<\/h3>\n<div>El prestador de servicios del sitio web es TODOCOMODOMO, S.L., con domicilio social en Calle Ferraz, 48 28008 Madrid (provincia de Madrid) y CIF\u00a0<b>B56837479\u00a0<\/b>La sociedad tiene inscrita en el Registro Mercantil TODOCOMODOMO, S.L. es una sociedad inscrita en el Registro Mercantil de Madrid ESPA\u00d1A, al tomo 46305, folio 120, inscripci\u00f3n 1\u00aa, hoja M-813347.<\/div>\n<div><\/div>\n<div>A efectos de este documento, el correo electr\u00f3nico de contacto es admin@como-domo.com.<\/div>\n<div><\/div>\n<div><strong>Este aviso legal regula el uso del dominio.<\/strong><\/div>\n<div>La utilizaci\u00f3n de este sitio web implica la aceptaci\u00f3n de las condiciones incluidas en este Aviso. En el caso de que determinados servicios, contenidos y\/o herramientas ofrecidos a trav\u00e9s de este sitio web requieran la aplicaci\u00f3n de unas condiciones particulares, \u00e9stas se pondr\u00e1n a disposici\u00f3n del usuario.<\/div>\n<div><\/div>\n<div>Asimismo, TODOCOMODOMO, S.L. advierte que tanto los contenidos y servicios de este sitio web como las propias condiciones de uso pueden ser modificados sin notificaci\u00f3n previa.<\/div>\n<div><\/div>\n<h3>Condiciones de uso.<\/h3>\n<div>\n<p>El Usuario se compromete a facilitar informaci\u00f3n veraz, exacta y completa sobre su identidad.<\/p>\n<p>Asimismo, el usuario se compromete a mantener actualizados los DATOS personales que pudiera facilitar al titular del dominio, por lo que el titular de los datos ser\u00e1 el \u00fanico responsable de las falsedades o inexactitudes de los mismos.<\/p>\n<p>En el caso de menores de edad, \u00e9stos deber\u00e1n contar con la autorizaci\u00f3n de sus padres, tutores o representantes legales para acceder a los servicios prestados. TODOCOMODOMO, S.L. no se responsabiliza en el caso de que los DATOS sean inexactos o falsos en relaci\u00f3n con este tema.<\/p>\n<\/div>\n<p>El sitio web s\u00f3lo puede ser utilizado con fines l\u00edcitos; por ello el usuario se compromete a hacer un uso l\u00edcito y leal con arreglo a las presentes Condiciones Generales de Uso, y a no emplear los servicios del sitio web para realizar conductas contrarias a la legislaci\u00f3n espa\u00f1ola, a la moral y al orden p\u00fablico. El usuario asume todas las responsabilidades por los da\u00f1os y perjuicios contra el titular de este sitio web o terceros que puedan derivarse de pr\u00e1cticas ilegales o actividades no permitidas como las siguientes:<\/p>\n<ul>\n<li>Realizar sin autorizaci\u00f3n previa cualquier manipulaci\u00f3n o alteraci\u00f3n de esta p\u00e1gina, no asumiendo el titular del Sitio Web ninguna responsabilidad derivada de dicha manipulaci\u00f3n o alteraci\u00f3n por terceros.<\/li>\n<li>Realizar cualquier acci\u00f3n que pueda da\u00f1ar, inutilizar, sobrecargar o deteriorar el sitio web y sus servicios, as\u00ed como impedir la normal utilizaci\u00f3n y uso por parte de los Usuarios.<\/li>\n<li>Introducir y\/o utilizar programas inform\u00e1ticos, datos, archivos da\u00f1ados, virus, c\u00f3digos maliciosos, equipos inform\u00e1ticos o de telecomunicaciones o cualquier otro, independientemente de su naturaleza que pueda da\u00f1ar este sitio web.<\/li>\n<li>Vulnerar los derechos de intimidad, propia imagen, secreto de las comunicaciones, propiedad intelectual e industrial de terceros.<\/li>\n<li>Para ocultar y disimular el origen de los correos electr\u00f3nicos.<\/li>\n<li>Utilizar identidades falsas, suplantar la identidad de otros en la utilizaci\u00f3n de este Sitio Web o en la utilizaci\u00f3n de cualquiera de sus servicios.<\/li>\n<li>Reproducir, distribuir, modificar o copiar el contenido de esta p\u00e1gina, a menos que se cuente con la autorizaci\u00f3n del titular de la misma o se est\u00e9 legalmente facultado para ello.<\/li>\n<li>Transmitir nombres de usuario y contrase\u00f1as a terceros no autorizados.<\/li>\n<\/ul>\n<div>\n<p>TODOCOMODOMO, S.L. no es responsable de los enlaces a otros sitios web y su existencia no implica que TODOCOMODOMO, S.L. apruebe o acepte sus contenidos y servicios. Estos otros sitios web no est\u00e1n controlados por TODOCOMODOMO, S.L. ni cubiertos por la presente Pol\u00edtica de Privacidad. Si accede a otros sitios web utilizando los enlaces proporcionados, los operadores de estos sitios web pueden recopilar su informaci\u00f3n personal. Aseg\u00farese de que est\u00e1 satisfecho con las pol\u00edticas de privacidad de estos sitios web de terceros antes de proporcionar cualquier informaci\u00f3n personal.<\/p>\n<p>Con car\u00e1cter general, el titular del dominio excluye su responsabilidad por los da\u00f1os y perjuicios que puedan deberse a la utilizaci\u00f3n del sitio web, o que se deriven de la infracci\u00f3n de los derechos de propiedad intelectual e industrial por parte de los usuarios y\/o a la falta de veracidad, exactitud, y actualidad de los contenidos. Tampoco podr\u00e1n exigirse responsabilidades al titular de los dominios por la interrupci\u00f3n de los servicios, funcionamiento no deseado o imposibilidad de acceso al servicio.<\/p>\n<p>El titular del dominio no se hace responsable de los da\u00f1os y perjuicios causados por la presencia de virus u otros programas lesivos que pudieran producir alteraciones en el sistema inform\u00e1tico del usuario.<\/p>\n<p>El sitio web, sus programas, dise\u00f1os, logotipos, texto y\/o gr\u00e1ficos son propiedad del prestador o en su caso dispone de licencia o autorizaci\u00f3n expresa por parte de los autores.<\/p>\n<p>Cualquier reproducci\u00f3n total o parcial, uso, explotaci\u00f3n, distribuci\u00f3n y comercializaci\u00f3n, requerir\u00e1 siempre la autorizaci\u00f3n previa del titular del dominio.<\/p>\n<p>El usuario se compromete a no realizar ning\u00fan acto contrario a los derechos de propiedad intelectual e industrial del autor.<\/p>\n<p>El prestador autoriza a que terceros puedan redirigir directamente a los contenidos concretos de este sitio web, si bien deber\u00e1n redirigir al sitio web principal del prestador.<\/p>\n<h3>Uso de cookies<\/h3>\n<p>Puede consultar nuestra<a href=\"https:\/\/dev.como-domo.com\/es\/politica-de-cookies\/\"> Pol\u00edtica de cookies aqu\u00ed<\/a>.<\/p>\n<\/div>\n<h3>Pol\u00edtica de protecci\u00f3n de datos.<\/h3>\n<div>\n<p>Puede consultar nuestra Pol\u00edtica de Protecci\u00f3n de Datos personales en la secci\u00f3n siguiente:<\/p>\n<p><a href=\"https:\/\/dev.como-domo.com\/es\/politica-de-privacidad\/\">Pol\u00edtica de protecci\u00f3n de datos<\/a><\/p>\n<\/div>\n<h3>Legislaci\u00f3n aplicable<\/h3>\n<div>Las presentes Condiciones se regir\u00e1n en todo momento por lo dispuesto en la legislaci\u00f3n espa\u00f1ola.<\/div>\n\t<\/div>\n<\/div>\n\n\n\n\n\t\t\t<\/div> \n\t\t<\/div>\n\t<\/div> \n<\/div><\/div>","protected":false},"excerpt":{"rendered":"T\u00e9rminos legales De acuerdo con la Ley 34\/2002, de 11 de julio, de Servicios de la Sociedad de la Informaci\u00f3n y de Comercio Electr\u00f3nico (LSSI), ...","protected":false},"author":1,"featured_media":0,"parent":0,"menu_order":0,"comment_status":"closed","ping_status":"closed","template":"","meta":{"_acf_changed":false,"footnotes":""},"class_list":["post-3577","page","type-page","status-publish"],"acf":[],"_links":{"self":[{"href":"https:\/\/dev.como-domo.com\/es\/wp-json\/wp\/v2\/pages\/3577","targetHints":{"allow":["GET"]}}],"collection":[{"href":"https:\/\/dev.como-domo.com\/es\/wp-json\/wp\/v2\/pages"}],"about":[{"href":"https:\/\/dev.como-domo.com\/es\/wp-json\/wp\/v2\/types\/page"}],"author":[{"embeddable":true,"href":"https:\/\/dev.como-domo.com\/es\/wp-json\/wp\/v2\/users\/1"}],"replies":[{"embeddable":true,"href":"https:\/\/dev.como-domo.com\/es\/wp-json\/wp\/v2\/comments?post=3577"}],"version-history":[{"count":11,"href":"https:\/\/dev.como-domo.com\/es\/wp-json\/wp\/v2\/pages\/3577\/revisions"}],"predecessor-version":[{"id":8630,"href":"https:\/\/dev.como-domo.com\/es\/wp-json\/wp\/v2\/pages\/3577\/revisions\/8630"}],"wp:attachment":[{"href":"https:\/\/dev.como-domo.com\/es\/wp-json\/wp\/v2\/media?parent=3577"}],"curies":[{"name":"wp","href":"https:\/\/api.w.org\/{rel}","templated":true}]}}