{"id":539,"date":"2021-07-29T06:41:42","date_gmt":"2021-07-29T04:41:42","guid":{"rendered":"https:\/\/dev.como-domo.com\/?page_id=539"},"modified":"2024-02-23T12:01:46","modified_gmt":"2024-02-23T11:01:46","slug":"terms-of-use","status":"publish","type":"page","link":"https:\/\/dev.como-domo.com\/es\/condiciones-de-uso\/","title":{"rendered":"T\u00e9rminos de uso"},"content":{"rendered":"<div id=\"fws_69e2792a45d89\"  data-column-margin=\"default\" data-midnight=\"dark\" data-top-percent=\"3%\" data-bottom-percent=\"3%\"  class=\"wpb_row vc_row-fluid vc_row\"  style=\"padding-top: calc(100vw * 0.03); padding-bottom: calc(100vw * 0.03); \"><div class=\"row-bg-wrap\" data-bg-animation=\"none\" data-bg-animation-delay=\"\" data-bg-overlay=\"false\"><div class=\"inner-wrap row-bg-layer\" ><div class=\"row-bg viewport-desktop\"  style=\"\"><\/div><\/div><\/div><div class=\"row_col_wrap_12 col span_12 dark left\">\n\t<div  class=\"vc_col-sm-12 wpb_column column_container vc_column_container col no-extra-padding inherit_tablet inherit_phone\"  data-padding-pos=\"all\" data-has-bg-color=\"false\" data-bg-color=\"\" data-bg-opacity=\"1\" data-animation=\"\" data-delay=\"0\" >\n\t\t<div class=\"vc_column-inner\" >\n\t\t\t<div class=\"wpb_wrapper\">\n\t\t\t\t\n<div class=\"wpb_text_column wpb_content_element\" >\n\t<div class=\"wpb_wrapper\">\n\t\t<h1>T\u00e9rminos de uso<\/h1>\n\t<\/div>\n<\/div>\n\n\n\n\n\t\t\t<\/div> \n\t\t<\/div>\n\t<\/div> \n<\/div><\/div>\n\t\t<div id=\"artistas\"  data-column-margin=\"default\" data-midnight=\"dark\"  class=\"wpb_row vc_row-fluid vc_row\"  style=\"padding-top: 0px; padding-bottom: 0px; \"><div class=\"row-bg-wrap\" data-bg-animation=\"none\" data-bg-animation-delay=\"\" data-bg-overlay=\"false\"><div class=\"inner-wrap row-bg-layer\" ><div class=\"row-bg viewport-desktop\"  style=\"\"><\/div><\/div><\/div><div class=\"row_col_wrap_12 col span_12 dark left\">\n\t<div  class=\"vc_col-sm-12 wpb_column column_container vc_column_container col no-extra-padding inherit_tablet inherit_phone\"  data-padding-pos=\"all\" data-has-bg-color=\"false\" data-bg-color=\"\" data-bg-opacity=\"1\" data-animation=\"\" data-delay=\"0\" >\n\t\t<div class=\"vc_column-inner\" >\n\t\t\t<div class=\"wpb_wrapper\">\n\t\t\t\t\n<div class=\"wpb_text_column wpb_content_element\" >\n\t<div class=\"wpb_wrapper\">\n\t\t<p>AVISO LEGAL<\/p>\n<p><em>De conformidad con la Ley <\/em><em>34\/2002, de 11 de julio<\/em><em>, <\/em><em>Servicios Sociedad de la Informaci\u00f3n y Comercio Electr\u00f3nico <\/em><em>\u00a0(Ley de Servicios de la Sociedad de la Informaci\u00f3n y de Comercio Electr\u00f3nico -LSSI)<\/em><em>,<\/em><em>\u00a0 informamos:<\/em><\/p>\n<ol>\n<li><\/li>\n<\/ol>\n<ul>\n<li>--<strong>Para empresas,AAPP,organismos,etc -quitar seg\u00fan caso:<\/strong> ---<\/li>\n<\/ul>\n<p>El prestador del servicio del sitio web es TODOCOMODOMO, S.L., con domicilio social en Calle Ferraz, 48 28008 Madrid (provincia de Madrid) y CIF <strong>B56837479<\/strong>\u00a0 La empresa se ha inscrito en el Registro Mercantil .<\/p>\n<p>A efectos de este documento, el correo electr\u00f3nico de contacto es todocomodomo@gmail.com.<\/p>\n<p><strong>Este aviso legal regula el uso del dominio.<br \/>\n<\/strong>La utilizaci\u00f3n de este sitio web implica la aceptaci\u00f3n de las condiciones incluidas en este Aviso. En el caso de que determinados servicios, contenidos y\/o herramientas ofrecidos a trav\u00e9s de este sitio web requieran la aplicaci\u00f3n de unas condiciones particulares, \u00e9stas se pondr\u00e1n a disposici\u00f3n del usuario.<\/p>\n<p>Asimismo, TODOCOMODOMO, S.L. advierte que tanto los contenidos y servicios de este sitio web como las propias condiciones de uso pueden ser modificados sin notificaci\u00f3n previa.<\/p>\n<ol start=\"2\">\n<li><strong>Condiciones de uso<\/strong><strong>.<\/strong><\/li>\n<\/ol>\n<p>El Usuario se compromete a facilitar informaci\u00f3n veraz, exacta y completa sobre su identidad.<\/p>\n<p>Asimismo, el usuario se compromete a mantener actualizados los DATOS personales que pudiera facilitar al titular del dominio, por lo que el Titular de los datos ser\u00e1 el \u00fanico responsable de las falsedades o inexactitudes de los mismos.<\/p>\n<p>En el caso de menores de edad, \u00e9stos deber\u00e1n contar con la autorizaci\u00f3n de sus padres, tutores o representantes legales para acceder a los servicios prestados. TODOCOMODOMO, S.L. no se responsabiliza en el caso de que los DATOS sean inexactos o falsos en relaci\u00f3n con este tema.<\/p>\n<ul>\n<li>El sitio web s\u00f3lo puede ser utilizado con fines l\u00edcitos, por lo que el usuario se compromete a hacer un uso l\u00edcito y leal de los mismos, y a no utilizar los servicios del sitio web para la realizaci\u00f3n de actividades contrarias a las leyes, a la moral y al orden p\u00fablico. El usuario asume toda la responsabilidad por los da\u00f1os y perjuicios causados al titular de este sitio web o a terceros que puedan derivarse de pr\u00e1cticas ilegales o actividades no permitidas como las siguientes:<\/li>\n<\/ul>\n<p>&nbsp;<\/p>\n<ul>\n<li>A realizar sin previa autorizaci\u00f3n cualquier manipulaci\u00f3n o alteraci\u00f3n de esta p\u00e1gina, no asumiendo el titular de la Web ninguna responsabilidad derivada de dicha manipulaci\u00f3n o alteraci\u00f3n por terceros.<\/li>\n<li>Realizar cualquier acci\u00f3n que pueda da\u00f1ar, inutilizar, sobrecargar o deteriorar el sitio web y sus servicios, as\u00ed como impedir el uso y la utilizaci\u00f3n normales por parte de los usuarios.<\/li>\n<li>Introducir y\/o utilizar programas inform\u00e1ticos, datos, ficheros da\u00f1ados, virus, c\u00f3digos maliciosos, equipos inform\u00e1ticos o de telecomunicaci\u00f3n o cualquier otro, independientemente de su naturaleza, que puedan da\u00f1ar el presente Reglamento.<\/li>\n<li>Vulnerar los derechos de intimidad, propia imagen, secreto de las comunicaciones, propiedad intelectual e industrial de terceros.<\/li>\n<li>Para ocultar y disfrazar el origen de<\/li>\n<li>Utilizar identidades falsas, suplantar la identidad de otros en el uso de este Sitio Web o en el uso de cualquiera de sus servicios.<\/li>\n<li>Reproducir, distribuir, modificar o copiar el contenido de esta p\u00e1gina, a menos que cuente con el permiso del titular de este sitio web o est\u00e9 legalmente autorizado para ello.<\/li>\n<li>Transmitir nombres y contrase\u00f1as a terceros no autorizados.<\/li>\n<\/ul>\n<p>TODOCOMODOMO, S.L. no es responsable de los enlaces a otros sitios web y su existencia no implica que TODOCOMODOMO, S.L. apruebe o acepte sus contenidos y servicios. Estos otros sitios web no est\u00e1n controlados por TODOCOMODOMO, S.L. ni cubiertos por la presente Pol\u00edtica de Privacidad. Si accede a otros sitios web utilizando los enlaces proporcionados, los operadores de estos sitios web pueden recopilar su informaci\u00f3n personal. Aseg\u00farese de que est\u00e1 satisfecho con las pol\u00edticas de privacidad de estos sitios web de terceros antes de proporcionar cualquier informaci\u00f3n personal.<\/p>\n<p>Con car\u00e1cter general, el titular del dominio excluye su responsabilidad por los da\u00f1os y perjuicios que puedan deberse a la utilizaci\u00f3n del sitio web, o que se deriven de la infracci\u00f3n de los derechos de propiedad intelectual e industrial por parte de los usuarios y\/o a la falta de veracidad, exactitud, y actualidad de los contenidos. Tampoco podr\u00e1n exigirse responsabilidades al titular de los dominios por la interrupci\u00f3n de los servicios, funcionamiento no deseado o imposibilidad de acceso al servicio.<\/p>\n<p>El titular del dominio no se hace responsable de los da\u00f1os y perjuicios causados por la presencia de virus u otros programas lesivos que pudieran producir alteraciones en el sistema inform\u00e1tico del usuario.<\/p>\n<p>El sitio web, sus programas, dise\u00f1os, logotipos, texto y\/o gr\u00e1ficos son propiedad del prestador o en su caso dispone de licencia o autorizaci\u00f3n expresa por parte de los autores.<\/p>\n<p>Cualquier reproducci\u00f3n total o parcial, uso, explotaci\u00f3n, distribuci\u00f3n y comercializaci\u00f3n, requiere siempre la previa <strong>autorizaci\u00f3n<\/strong><strong> de la<\/strong> <strong>titular del dominio<\/strong><strong>.<\/strong><\/p>\n<p>El usuario se compromete a no realizar ning\u00fan acto contrario a los derechos de propiedad intelectual e industrial del autor.<\/p>\n<p>El prestador autoriza a que terceros puedan redirigir directamente a los contenidos concretos de este sitio web, si bien deber\u00e1n redirigir al sitio web principal del prestador.<\/p>\n<ol start=\"3\">\n<li><strong>Uso de cookies<\/strong><\/li>\n<\/ol>\n<ul>\n<li>--Opci\u00f3n 1, quitar seg\u00fan los casos: ---<\/li>\n<\/ul>\n<p>TODOCOMODOMO, S.L. como prestador de servicios de este sitio web declara que no utiliza ning\u00fan procedimiento autom\u00e1tico de recogida de informaci\u00f3n para guardar el registro de los Usuarios que visitan su sitio web, tales como \"cookies\" y \"spyers\".<\/p>\n<p>Sin embargo, nuestro sitio web puede utilizar procedimientos de recogida de informaci\u00f3n s\u00f3lo en los siguientes casos:<\/p>\n<ul>\n<li>Permitir s\u00f3lo la comunicaci\u00f3n entre el equipo del usuario y la red.<\/li>\n<li>Prestar estrictamente un servicio expresamente solicitado por el usuario.<\/li>\n<\/ul>\n<p>En estos dos casos le informamos que no es necesaria la informaci\u00f3n y el consentimiento del usuario para la instalaci\u00f3n de las mencionadas cookies. En concreto, seg\u00fan el Grupo de Trabajo del Art\u00edculo 29 de su Dictamen 4\/20123 ha interpretado que entre las cookies exceptuadas se encuentran las que tienen por objeto:<\/p>\n<ul>\n<li>\"Cookies de \"acceso de usuarios<\/li>\n<li>Cookies de autenticaci\u00f3n o identificaci\u00f3n del usuario (s\u00f3lo sesi\u00f3n)<\/li>\n<li>Cookies de seguridad del usuario<\/li>\n<li>Cookies de sesi\u00f3n del reproductor multimedia<\/li>\n<li>Cookies de sesi\u00f3n para equilibrar la carga<\/li>\n<li>Cookies de personalizaci\u00f3n de la interfaz de usuario<\/li>\n<li>Cookies complementarias (plug-in) para intercambiar contenido social<\/li>\n<li>--Opci\u00f3n 2, quitar seg\u00fan los casos: ---<\/li>\n<\/ul>\n<p>TODOCOMODOMO, S.L. como prestador de servicios de este sitio web declara que utiliza procedimientos autom\u00e1ticos de recogida de informaci\u00f3n para guardar el registro de los Usuarios que visitan su sitio web. Pulse aqu\u00ed para acceder a nuestra 'pol\u00edtica de uso de cookies' ------<\/p>\n<ol start=\"4\">\n<li><strong> Pol\u00edtica de protecci\u00f3n de datos.<\/strong><\/li>\n<\/ol>\n<p>Puede consultar nuestra Pol\u00edtica de Protecci\u00f3n de Datos personales en el siguiente apartado ------<\/p>\n<ol start=\"5\">\n<li><strong> Legislaci\u00f3n aplicable<\/strong><\/li>\n<\/ol>\n<p>Las presentes Condiciones se regir\u00e1n en todo momento por lo dispuesto en la legislaci\u00f3n espa\u00f1ola.<\/p>\n\t<\/div>\n<\/div>\n\n\n\n\n\t\t\t<\/div> \n\t\t<\/div>\n\t<\/div> \n<\/div><\/div>","protected":false},"excerpt":{"rendered":"Condiciones de uso AVISO LEGAL De acuerdo con la Ley 34\/2002, de 11 de julio, de Servicios de la Sociedad de la Informaci\u00f3n y de Comercio Electr\u00f3nico (L...","protected":false},"author":1,"featured_media":0,"parent":0,"menu_order":0,"comment_status":"closed","ping_status":"closed","template":"","meta":{"_acf_changed":false,"footnotes":""},"class_list":["post-539","page","type-page","status-publish"],"acf":[],"_links":{"self":[{"href":"https:\/\/dev.como-domo.com\/es\/wp-json\/wp\/v2\/pages\/539","targetHints":{"allow":["GET"]}}],"collection":[{"href":"https:\/\/dev.como-domo.com\/es\/wp-json\/wp\/v2\/pages"}],"about":[{"href":"https:\/\/dev.como-domo.com\/es\/wp-json\/wp\/v2\/types\/page"}],"author":[{"embeddable":true,"href":"https:\/\/dev.como-domo.com\/es\/wp-json\/wp\/v2\/users\/1"}],"replies":[{"embeddable":true,"href":"https:\/\/dev.como-domo.com\/es\/wp-json\/wp\/v2\/comments?post=539"}],"version-history":[{"count":13,"href":"https:\/\/dev.como-domo.com\/es\/wp-json\/wp\/v2\/pages\/539\/revisions"}],"predecessor-version":[{"id":8504,"href":"https:\/\/dev.como-domo.com\/es\/wp-json\/wp\/v2\/pages\/539\/revisions\/8504"}],"wp:attachment":[{"href":"https:\/\/dev.como-domo.com\/es\/wp-json\/wp\/v2\/media?parent=539"}],"curies":[{"name":"wp","href":"https:\/\/api.w.org\/{rel}","templated":true}]}}