{"id":946,"date":"2021-09-16T11:53:36","date_gmt":"2021-09-16T09:53:36","guid":{"rendered":"https:\/\/dev.como-domo.com\/?page_id=946"},"modified":"2023-03-24T18:27:37","modified_gmt":"2023-03-24T17:27:37","slug":"about-us","status":"publish","type":"page","link":"https:\/\/dev.como-domo.com\/es\/sobre-nosotros\/","title":{"rendered":"Sobre nosotros"},"content":{"rendered":"<div id=\"fws_69e4af71ad7fd\"  data-column-margin=\"default\" data-midnight=\"dark\" data-top-percent=\"2%\"  class=\"wpb_row vc_row-fluid vc_row\"  style=\"padding-top: calc(100vw * 0.02); padding-bottom: 0px; \"><div class=\"row-bg-wrap\" data-bg-animation=\"none\" data-bg-animation-delay=\"\" data-bg-overlay=\"false\"><div class=\"inner-wrap row-bg-layer\" ><div class=\"row-bg viewport-desktop\"  style=\"\"><\/div><\/div><\/div><div class=\"row_col_wrap_12 col span_12 dark left\">\n\t<div  class=\"vc_col-sm-12 wpb_column column_container vc_column_container col no-extra-padding inherit_tablet inherit_phone\"  data-padding-pos=\"all\" data-has-bg-color=\"false\" data-bg-color=\"\" data-bg-opacity=\"1\" data-animation=\"\" data-delay=\"0\" >\n\t\t<div class=\"vc_column-inner\" >\n\t\t\t<div class=\"wpb_wrapper\">\n\t\t\t\t\n<div class=\"wpb_text_column wpb_content_element\" style=\" max-width: 750px; display: inline-block;\">\n\t<div class=\"wpb_wrapper\">\n\t\t<h1>Sobre nosotros<\/h1>\n\t<\/div>\n<\/div>\n\n\n\n<div class=\"divider-wrap\" data-alignment=\"default\"><div style=\"height: 25px;\" class=\"divider\"><\/div><\/div><div class=\"page-submenu\" data-bg-color=\"#f0f0f0\" data-sticky=\"false\" data-alignment=\"left\"><div class=\"full-width-section\" style=\"background-color:#f0f0f0; color: #000000;\"><div class=\"container\"><a href=\"#\" class=\"mobile-menu-link\"><i class=\"salient-page-submenu-icon\"><\/i>Men\u00fa<\/a><ul style=\"background-color:#f0f0f0; color: #000000;\"><li><a  href=\"#about-us\">Sobre nosotros<\/a><\/li><li><a  href=\"#faqs\">Preguntas frecuentes<\/a><\/li><li><a  href=\"#contact\">Contacto<\/a><\/li><\/ul><\/div><\/div><\/div>\n\t\t\t<\/div> \n\t\t<\/div>\n\t<\/div> \n<\/div><\/div>\n\t\t<div id=\"about-us\"  data-column-margin=\"default\" data-midnight=\"dark\" data-top-percent=\"5%\"  class=\"wpb_row vc_row-fluid vc_row full-width-section\"  style=\"padding-top: calc(100vw * 0.05); padding-bottom: 0px; \"><div class=\"row-bg-wrap\" data-bg-animation=\"none\" data-bg-animation-delay=\"\" data-bg-overlay=\"false\"><div class=\"inner-wrap row-bg-layer\" ><div class=\"row-bg viewport-desktop using-bg-color\"  style=\"background-color: #ffffff; \"><\/div><\/div><\/div><div class=\"row_col_wrap_12 col span_12 dark left\">\n\t<div  class=\"vc_col-sm-8 wpb_column column_container vc_column_container col no-extra-padding inherit_tablet inherit_phone\"  data-padding-pos=\"all\" data-has-bg-color=\"false\" data-bg-color=\"\" data-bg-opacity=\"1\" data-animation=\"\" data-delay=\"0\" >\n\t\t<div class=\"vc_column-inner\" >\n\t\t\t<div class=\"wpb_wrapper\">\n\t\t\t\t\n<div class=\"wpb_text_column wpb_content_element\" >\n\t<div class=\"wpb_wrapper\">\n\t\t<h2>Sobre nosotros<\/h2>\n<p><span style=\"font-weight: 400;\">Es fundamental mantener una comunicaci\u00f3n fluida, clara y bien estructurada entre personas, empresas e instituciones, para que todo transcurra con mayor fluidez.\u00a0<\/span><\/p>\n<p><span style=\"font-weight: 400;\">Con la intenci\u00f3n de ayudar a conseguirlo, los miembros de COMO-DOMO ofrecemos una dilatada experiencia en el mundo de Internet y la comunicaci\u00f3n. Un reto que nos llena de satisfacci\u00f3n e ilusi\u00f3n.<\/span><\/p>\n\t<\/div>\n<\/div>\n\n\n\n<div class=\"divider-wrap\" data-alignment=\"default\"><div style=\"height: 25px;\" class=\"divider\"><\/div><\/div><div class=\"divider-wrap\" data-alignment=\"default\"><div style=\"height: 25px;\" class=\"divider\"><\/div><\/div>\n\t\t\t<\/div> \n\t\t<\/div>\n\t<\/div> \n\n\t<div  class=\"vc_col-sm-4 wpb_column column_container vc_column_container col no-extra-padding inherit_tablet inherit_phone\"  data-padding-pos=\"all\" data-has-bg-color=\"false\" data-bg-color=\"\" data-bg-opacity=\"1\" data-animation=\"\" data-delay=\"0\" >\n\t\t<div class=\"vc_column-inner\" >\n\t\t\t<div class=\"wpb_wrapper\">\n\t\t\t\t\n\t\t\t<\/div> \n\t\t<\/div>\n\t<\/div> \n<\/div><\/div>\n\t\t<div id=\"faqs\"  data-column-margin=\"default\" data-midnight=\"dark\" data-top-percent=\"5%\"  class=\"wpb_row vc_row-fluid vc_row full-width-section\"  style=\"padding-top: calc(100vw * 0.05); padding-bottom: 0px; \"><div class=\"row-bg-wrap\" data-bg-animation=\"none\" data-bg-animation-delay=\"\" data-bg-overlay=\"false\"><div class=\"inner-wrap row-bg-layer\" ><div class=\"row-bg viewport-desktop using-bg-color\"  style=\"background-color: #ffffff; \"><\/div><\/div><\/div><div class=\"row_col_wrap_12 col span_12 dark left\">\n\t<div  class=\"vc_col-sm-12 wpb_column column_container vc_column_container col no-extra-padding inherit_tablet inherit_phone\"  data-padding-pos=\"all\" data-has-bg-color=\"false\" data-bg-color=\"\" data-bg-opacity=\"1\" data-animation=\"\" data-delay=\"0\" >\n\t\t<div class=\"vc_column-inner\" >\n\t\t\t<div class=\"wpb_wrapper\">\n\t\t\t\t\n<div class=\"wpb_text_column wpb_content_element\" >\n\t<div class=\"wpb_wrapper\">\n\t\t<h2>Preguntas frecuentes<\/h2>\n\t<\/div>\n<\/div>\n\n\n\n<div class=\"toggles\" data-br=\"\" data-starting=\"default\" data-style=\"minimal\"><div class=\"toggle default\" data-inner-wrap=\"true\"><h3 class=\"toggle-title\"><a href=\"#\" class=\"toggle-heading\"><i class=\"fa fa-plus-circle\"><\/i>\u00bfQu\u00e9 es COMO-DOMO?<\/a><\/h3><div><div class=\"inner-toggle-wrap\">\n<div class=\"wpb_text_column wpb_content_element\" >\n\t<div class=\"wpb_wrapper\">\n\t\t<p>Es un servicio f\u00e1cil y eficaz para compartir informaci\u00f3n en cualquier \u00e1mbito, tanto en casa como en el trabajo.<br \/>\nEs sencillo, intuitivo y manejable desde tu PC o m\u00f3vil.<\/p>\n\t<\/div>\n<\/div>\n\n\n\n<\/div><\/div><\/div><div class=\"toggle default\" data-inner-wrap=\"true\"><h3 class=\"toggle-title\"><a href=\"#\" class=\"toggle-heading\"><i class=\"fa fa-plus-circle\"><\/i>\u00bfC\u00f3mo funciona COMO-DOMO?<\/a><\/h3><div><div class=\"inner-toggle-wrap\">\n<div class=\"wpb_text_column wpb_content_element\" >\n\t<div class=\"wpb_wrapper\">\n\t\t<p><span style=\"font-weight: 400;\">Es una herramienta \u00fatil que permite a los usuarios describir, punto por punto, procedimientos para tareas comunes y almacenar dicha informaci\u00f3n, por lo que pueden autorizar a otros, individuos o grupos, a ver sus publicaciones de forma confidencial.<\/span><\/p>\n\t<\/div>\n<\/div>\n\n\n\n<\/div><\/div><\/div><div class=\"toggle default\" data-inner-wrap=\"true\"><h3 class=\"toggle-title\"><a href=\"#\" class=\"toggle-heading\"><i class=\"fa fa-plus-circle\"><\/i>\u00bfPara que puedo usar COMO-DOMO?<\/a><\/h3><div><div class=\"inner-toggle-wrap\">\n<div class=\"wpb_text_column wpb_content_element\" >\n\t<div class=\"wpb_wrapper\">\n\t\t<p><span style=\"font-weight: 400;\">Funciona muy bien en situaciones diferentes, en cualquier \u00e1mbito, negocio o profesi\u00f3n, siendo igualmente v\u00e1lido tanto para el hogar como para el trabajo.<\/span><\/p>\n<p><b>En casa<\/b><\/p>\n<ul>\n<li><span style=\"font-weight: 400;\"> Puedes usarlo para coordinar eventos de grupo, fiestas familiares y de amigos, e incluso para viajes de fin de semana\u2026<\/span><\/li>\n<li><span style=\"font-weight: 400;\"> Cuando encomiende a otra persona el cuidado de un anciano o un ni\u00f1o, o incluso un jard\u00edn o una mascota, ser\u00e1 de gran ayuda.<\/span><\/li>\n<li><span style=\"font-weight: 400;\"> Adem\u00e1s, permite compartir con toda la familia, c\u00f3mo hacer funcionar la lavadora, el sistema de calefacci\u00f3n de la casa, etc.<\/span><\/li>\n<li><span style=\"font-weight: 400;\"> Si le presta a alguien su casa de campo, puede proporcionarle informaci\u00f3n sobre c\u00f3mo funciona todo.<\/span><\/li>\n<\/ul>\n<p><b>En el trabajo<\/b><\/p>\n<ul>\n<li><span style=\"font-weight: 400;\"> Al encargar a alguien el cuidado de una finca, una casa, una tienda\u2026<\/span><\/li>\n<li><span style=\"font-weight: 400;\"> Tambi\u00e9n, si tienes que asignarle a alguien alguna tarea o proyecto.<\/span><\/li>\n<li><span style=\"font-weight: 400;\"> Ideal para procedimientos de control de calidad y estandarizaci\u00f3n<\/span><\/li>\n<\/ul>\n<p><strong>Por ejemplo,\u00a0<\/strong><\/p>\n<p><span style=\"font-weight: 400;\">-Hoteles: Para preparar habitaciones c\u00f3modas y limpias antes de recibir a los hu\u00e9spedes, es clave mantener al personal actualizado y bien formado, para lo que el e-learning y la comunicaci\u00f3n son esenciales. Adem\u00e1s, aligerar\u00e1 el proceso de formaci\u00f3n, cada vez que un nuevo empleado se incorpore al equipo.\u00a0<\/span><\/p>\n<p><span style=\"font-weight: 400;\">-Restaurantes: \u00bfC\u00f3mo poner una mesa para celebraciones? En caso de duda, los camareros pueden buscar su orientaci\u00f3n e informaci\u00f3n en sus propios smartphones...\u00a0<\/span><\/p>\n<p><span style=\"font-weight: 400;\">-Jardiner\u00eda: Lista de puntos en la que se describen las acciones que deben realizarse cada mes en un lugar determinado. Ser\u00e1 de ayuda cuando el equipo de jardineros<\/span>\u00a0cambia a menudo de personal.<\/p>\n<p><b>Tambi\u00e9n para normas comunitarias<\/b><\/p>\n<p><span style=\"font-weight: 400;\">Pensado para espacios como clubes deportivos e instalaciones deportivas, elementos comunes de un condominio, o parques infantiles en escuelas\u2026<\/span><\/p>\n<p><span style=\"font-weight: 400;\">Facilita una forma eficaz de redactar y publicar las normas esenciales para el correcto uso de estos sitios, que pueden visualizarse colocando el QR correspondiente (proporcionado por COMO-DOMO) en un punto destacado y visible.<\/span><\/p>\n<p style=\"text-align: center;\"><span style=\"font-weight: 400;\">En cualquier caso, <\/span><b>COMO-DOMO<\/b><span style=\"font-weight: 400;\"> resultar\u00e1 el canal de comunicaci\u00f3n perfecto para compartir normas e instrucciones.\u00a0<\/span><\/p>\n\t<\/div>\n<\/div>\n\n\n\n<\/div><\/div><\/div><div class=\"toggle default\" data-inner-wrap=\"true\"><h3 class=\"toggle-title\"><a href=\"#\" class=\"toggle-heading\"><i class=\"fa fa-plus-circle\"><\/i>\u00bfQu\u00e9 es un tema en COMO-DOMO?<\/a><\/h3><div><div class=\"inner-toggle-wrap\">\n<div class=\"wpb_text_column wpb_content_element\" >\n\t<div class=\"wpb_wrapper\">\n\t\t<p><span style=\"font-weight: 400;\">Imagina una carpeta de papel llena de documentos, con una etiqueta escrita en una de las solapas.\u00a0<\/span><\/p>\n<p>&nbsp;<\/p>\n<p><span style=\"font-weight: 400;\">La escritura en la etiqueta nos indica qu\u00e9 lleva en su contenido, y todos los documentos en su interior se refieren al mismo t\u00f3pico.<\/span><\/p>\n<p>&nbsp;<\/p>\n<p><span style=\"font-weight: 400;\">Esa es la idea, aunque a diferencia, la carpeta es virtual en este caso\u2026<\/span><\/p>\n<p>&nbsp;<\/p>\n<p><span style=\"font-weight: 400;\">En resumen, los temas son carpetas en l\u00ednea que contienen su informaci\u00f3n, que se muestran de forma limpia y organizada.<\/span><\/p>\n\t<\/div>\n<\/div>\n\n\n\n<\/div><\/div><\/div><div class=\"toggle default\" data-inner-wrap=\"true\"><h3 class=\"toggle-title\"><a href=\"#\" class=\"toggle-heading\"><i class=\"fa fa-plus-circle\"><\/i>\u00bfC\u00f3mo est\u00e1n estructurados los temas?<\/a><\/h3><div><div class=\"inner-toggle-wrap\">\n<div class=\"wpb_text_column wpb_content_element\" >\n\t<div class=\"wpb_wrapper\">\n\t\t<p><span style=\"font-weight: 400;\">Su estructura es comparable con el t\u00edpico \u00e1rbol de carpetas de internet, comenzando en una <strong>P\u00e1gina Ra\u00edz<\/strong>, que normalmente solo muestra el t\u00edtulo del tema, aunque opcionalmente puede incluir un texto introductorio o una imagen \"ad hoc\". (Ver \"R\" en el gr\u00e1fico)<\/span><\/p>\n<p><span style=\"font-weight: 400;\">Aparte de ser como una portada introductoria, la p\u00e1gina ra\u00edz actuar\u00e1 como un <strong>espacio que contiene sus propias secciones<\/strong>, que, a su vez, tendr\u00e1 su propio t\u00edtulo y contenido. Adem\u00e1s, cada secci\u00f3n puede ramificarse en subsecciones.<\/span><\/p>\n<p><img decoding=\"async\" class=\"aligncenter\" src=\"https:\/\/dev.como-domo.com\/wp-content\/uploads\/2023\/03\/Folder-tree.png\" alt=\"\" \/><\/p>\n<p>Una vez que se publica el tema, el \u00e1rbol de carpetas se mostrar\u00e1 en la pantalla como un \u00edndice numerado, f\u00e1cil de usar, para una referencia r\u00e1pida.<\/p>\n\t<\/div>\n<\/div>\n\n\n\n<\/div><\/div><\/div><div class=\"toggle default\" data-inner-wrap=\"true\"><h3 class=\"toggle-title\"><a href=\"#\" class=\"toggle-heading\"><i class=\"fa fa-plus-circle\"><\/i>\u00bfC\u00f3mo se crea un nuevo tema?<\/a><\/h3><div><div class=\"inner-toggle-wrap\">\n<div class=\"wpb_text_column wpb_content_element\" >\n\t<div class=\"wpb_wrapper\">\n\t\t<p><span style=\"font-weight: 400;\">Por favor, visite nuestro tema: <\/span><a href=\"https:\/\/dev.como-domo.com\/es\/?view=NzM4MQ==\"><span style=\"font-weight: 400;\">https:\/\/dev.como-domo.com\/?view=NzM4MQ==<\/span><\/a><\/p>\n\t<\/div>\n<\/div>\n\n\n\n<\/div><\/div><\/div><\/div>\n\n\n\n\n\n\n\n\n\n\n\n\n\n\n\n\n\n\n\n\n\t\t\t<\/div> \n\t\t<\/div>\n\t<\/div> \n<\/div><\/div>\n\t\t<div id=\"contact\"  data-column-margin=\"default\" data-midnight=\"dark\" data-top-percent=\"5%\" data-bottom-percent=\"5%\"  class=\"wpb_row vc_row-fluid vc_row full-width-section\"  style=\"padding-top: calc(100vw * 0.05); padding-bottom: calc(100vw * 0.05); \"><div class=\"row-bg-wrap\" data-bg-animation=\"none\" data-bg-animation-delay=\"\" data-bg-overlay=\"false\"><div class=\"inner-wrap row-bg-layer\" ><div class=\"row-bg viewport-desktop using-bg-color\"  style=\"background-color: #ffffff; \"><\/div><\/div><\/div><div class=\"row_col_wrap_12 col span_12 dark left\">\n\t<div  class=\"vc_col-sm-12 wpb_column column_container vc_column_container col no-extra-padding inherit_tablet inherit_phone\"  data-padding-pos=\"all\" data-has-bg-color=\"false\" data-bg-color=\"\" data-bg-opacity=\"1\" data-animation=\"\" data-delay=\"0\" >\n\t\t<div class=\"vc_column-inner\" >\n\t\t\t<div class=\"wpb_wrapper\">\n\t\t\t\t\n<div class=\"wpb_text_column wpb_content_element\" >\n\t<div class=\"wpb_wrapper\">\n\t\t<h2>Glosario de COMO-DOMO<\/h2>\n\t<\/div>\n<\/div>\n\n\n\n<div class=\"divider-wrap\" data-alignment=\"default\"><div style=\"height: 25px;\" class=\"divider\"><\/div><\/div>\n<div class=\"wpb_text_column wpb_content_element\" >\n\t<div class=\"wpb_wrapper\">\n\t\t<ul>\n<li><b>Tema<\/b><span style=\"font-weight: 400;\">: Este t\u00e9rmino se refiere a una carpeta que contiene la informaci\u00f3n relativa a un motivo determinado. Los usuarios recopilan y estructuran esta informaci\u00f3n para compartir, con otros usuarios.<\/span><\/li>\n<li><b>Receptores<\/b><span style=\"font-weight: 400;\">: personas f\u00edsicas autorizadas por el usuario correspondiente, para la consulta de la informaci\u00f3n compartida. Para que solo ellos puedan leerlo.<\/span><\/li>\n<li><b>Contenido: <\/b><span style=\"font-weight: 400;\">la informaci\u00f3n contenida dentro de un tema, o una secci\u00f3n, que se proporciona en forma de texto, voz, imagen, documentos, video\u2026..<\/span><\/li>\n<\/ul>\n\t<\/div>\n<\/div>\n\n\n\n\n\t\t\t<\/div> \n\t\t<\/div>\n\t<\/div> \n<\/div><\/div>\n\t\t<div id=\"contact\"  data-column-margin=\"default\" data-midnight=\"dark\" data-top-percent=\"5%\" data-bottom-percent=\"5%\"  class=\"wpb_row vc_row-fluid vc_row full-width-section\"  style=\"padding-top: calc(100vw * 0.05); padding-bottom: calc(100vw * 0.05); \"><div class=\"row-bg-wrap\" data-bg-animation=\"none\" data-bg-animation-delay=\"\" data-bg-overlay=\"false\"><div class=\"inner-wrap row-bg-layer\" ><div class=\"row-bg viewport-desktop using-bg-color\"  style=\"background-color: #ffffff; \"><\/div><\/div><\/div><div class=\"row_col_wrap_12 col span_12 dark left\">\n\t<div  class=\"vc_col-sm-12 wpb_column column_container vc_column_container col no-extra-padding inherit_tablet inherit_phone\"  data-padding-pos=\"all\" data-has-bg-color=\"false\" data-bg-color=\"\" data-bg-opacity=\"1\" data-animation=\"\" data-delay=\"0\" >\n\t\t<div class=\"vc_column-inner\" >\n\t\t\t<div class=\"wpb_wrapper\">\n\t\t\t\t\n<div class=\"wpb_text_column wpb_content_element\" >\n\t<div class=\"wpb_wrapper\">\n\t\t<h2>Contacta con nosotros<\/h2>\n\t<\/div>\n<\/div>\n\n\n\n<div class=\"divider-wrap\" data-alignment=\"default\"><div style=\"height: 25px;\" class=\"divider\"><\/div><\/div>\n<div class=\"wpb_text_column wpb_content_element\" >\n\t<div class=\"wpb_wrapper\">\n\t\t\n<div class=\"wpcf7 no-js\" id=\"wpcf7-f958-o1\" lang=\"es-ES\" dir=\"ltr\">\n<div class=\"screen-reader-response\"><p role=\"status\" aria-live=\"polite\" aria-atomic=\"true\"><\/p> <ul><\/ul><\/div>\n<form action=\"\/es\/wp-json\/wp\/v2\/pages\/946#wpcf7-f958-o1\" method=\"post\" class=\"wpcf7-form init\" aria-label=\"Formulario de contacto\" novalidate=\"novalidate\" data-status=\"init\" data-trp-original-action=\"\/es\/wp-json\/wp\/v2\/pages\/946#wpcf7-f958-o1\">\n<div style=\"display: none;\">\n<input type=\"hidden\" name=\"_wpcf7\" value=\"958\" \/>\n<input type=\"hidden\" name=\"_wpcf7_version\" value=\"5.9.8\" \/>\n<input type=\"hidden\" name=\"_wpcf7_locale\" value=\"es_ES\" \/>\n<input type=\"hidden\" name=\"_wpcf7_unit_tag\" value=\"wpcf7-f958-o1\" \/>\n<input type=\"hidden\" name=\"_wpcf7_container_post\" value=\"0\" \/>\n<input type=\"hidden\" name=\"_wpcf7_posted_data_hash\" value=\"\" \/>\n<\/div>\n<div class=\"row\">\n\t<div class=\"col span_6\"  style=\"padding-right:30px;\">\n\t\t<p><label> Tu nombre<br \/>\n<span class=\"wpcf7-form-control-wrap\" data-name=\"your-name\"><input size=\"40\" maxlength=\"400\" class=\"wpcf7-form-control wpcf7-text wpcf7-validates-as-required\" aria-required=\"true\" aria-invalid=\"false\" placeholder=\"Nombre\" value=\"\" type=\"text\" name=\"your-name\" \/><\/span> <\/label>\n\t\t<\/p>\n\t<\/div>\n\t<div class=\"col span_6\" >\n\t\t<p><label> Tu email<br \/>\n<span class=\"wpcf7-form-control-wrap\" data-name=\"your-email\"><input size=\"40\" maxlength=\"400\" class=\"wpcf7-form-control wpcf7-email wpcf7-validates-as-required wpcf7-text wpcf7-validates-as-email\" aria-required=\"true\" aria-invalid=\"false\" placeholder=\"Correo electr\u00f3nico\" value=\"\" type=\"email\" name=\"your-email\" \/><\/span> <\/label>\n\t\t<\/p>\n\t<\/div>\n<\/div>\n<p><label> Asunto<br \/>\n<span class=\"wpcf7-form-control-wrap\" data-name=\"your-subject\"><input size=\"40\" maxlength=\"400\" class=\"wpcf7-form-control wpcf7-text wpcf7-validates-as-required\" aria-required=\"true\" aria-invalid=\"false\" placeholder=\"Asunto\" value=\"\" type=\"text\" name=\"your-subject\" \/><\/span> <\/label>\n<\/p>\n<p><label> Mensaje (opcional)<br \/>\n<span class=\"wpcf7-form-control-wrap\" data-name=\"your-message\"><textarea cols=\"40\" rows=\"4\" maxlength=\"2000\" class=\"wpcf7-form-control wpcf7-textarea\" aria-invalid=\"false\" placeholder=\"Tu mensaje\" name=\"your-message\"><\/textarea><\/span> <\/label>\n<\/p>\n<p><span class=\"wpcf7-form-control-wrap\" data-name=\"aceptacion\"><span class=\"wpcf7-form-control wpcf7-acceptance\"><span class=\"wpcf7-list-item\"><label><input type=\"checkbox\" name=\"aceptacion\" value=\"1\" aria-invalid=\"false\" \/><span class=\"wpcf7-list-item-label\">He le\u00eddo y acepto la <a href=\"https:\/\/dev.como-domo.com\/es\/politica-de-privacidad\/\" target=\"_blank\">Pol\u00edtica de privacidad de COMO-DOMO<\/a><\/span><\/label><\/span><\/span><\/span><br \/>\n<input class=\"wpcf7-form-control wpcf7-submit has-spinner\" type=\"submit\" value=\"Enviar\" \/>\n<\/p><input type=\"text\" name=\"ZTl7Q\" value=\"\" style=\"display: none !important;\" \/><div class=\"wpcf7-response-output\" aria-hidden=\"true\"><\/div>\n<input type=\"hidden\" name=\"trp-form-language\" value=\"es\"\/><\/form>\n<\/div>\n\n\t<\/div>\n<\/div>\n\n\n\n\n\t\t\t<\/div> \n\t\t<\/div>\n\t<\/div> \n<\/div><\/div>","protected":false},"excerpt":{"rendered":"Qui\u00e9nes somos Men\u00faQui\u00e9nes somosFAQsContacto Qui\u00e9nes somos Es fundamental mantener una comunicaci\u00f3n fluida, clara y bien estructurada entre personas, empresas e instituciones, para que todo funcione mejor.  Con la intenci\u00f3n...","protected":false},"author":1,"featured_media":0,"parent":0,"menu_order":0,"comment_status":"closed","ping_status":"closed","template":"","meta":{"_acf_changed":false,"footnotes":""},"class_list":["post-946","page","type-page","status-publish"],"acf":[],"_links":{"self":[{"href":"https:\/\/dev.como-domo.com\/es\/wp-json\/wp\/v2\/pages\/946","targetHints":{"allow":["GET"]}}],"collection":[{"href":"https:\/\/dev.como-domo.com\/es\/wp-json\/wp\/v2\/pages"}],"about":[{"href":"https:\/\/dev.como-domo.com\/es\/wp-json\/wp\/v2\/types\/page"}],"author":[{"embeddable":true,"href":"https:\/\/dev.como-domo.com\/es\/wp-json\/wp\/v2\/users\/1"}],"replies":[{"embeddable":true,"href":"https:\/\/dev.como-domo.com\/es\/wp-json\/wp\/v2\/comments?post=946"}],"version-history":[{"count":55,"href":"https:\/\/dev.como-domo.com\/es\/wp-json\/wp\/v2\/pages\/946\/revisions"}],"predecessor-version":[{"id":7491,"href":"https:\/\/dev.como-domo.com\/es\/wp-json\/wp\/v2\/pages\/946\/revisions\/7491"}],"wp:attachment":[{"href":"https:\/\/dev.como-domo.com\/es\/wp-json\/wp\/v2\/media?parent=946"}],"curies":[{"name":"wp","href":"https:\/\/api.w.org\/{rel}","templated":true}]}}