{"id":3576,"date":"2022-06-07T19:29:16","date_gmt":"2022-06-07T17:29:16","guid":{"rendered":"https:\/\/dev.como-domo.com\/?page_id=3576"},"modified":"2024-05-08T10:54:21","modified_gmt":"2024-05-08T08:54:21","slug":"privacy-policy","status":"publish","type":"page","link":"https:\/\/dev.como-domo.com\/fr\/politique-de-confidentialite\/","title":{"rendered":"Politique de confidentialit\u00e9"},"content":{"rendered":"<div id=\"fws_69e2500c0bd30\"  data-column-margin=\"default\" data-midnight=\"dark\" data-top-percent=\"3%\" data-bottom-percent=\"3%\"  class=\"wpb_row vc_row-fluid vc_row\"  style=\"padding-top: calc(100vw * 0.03); padding-bottom: calc(100vw * 0.03); \"><div class=\"row-bg-wrap\" data-bg-animation=\"none\" data-bg-animation-delay=\"\" data-bg-overlay=\"false\"><div class=\"inner-wrap row-bg-layer\" ><div class=\"row-bg viewport-desktop\"  style=\"\"><\/div><\/div><\/div><div class=\"row_col_wrap_12 col span_12 dark left\">\n\t<div  class=\"vc_col-sm-12 wpb_column column_container vc_column_container col no-extra-padding inherit_tablet inherit_phone\"  data-padding-pos=\"all\" data-has-bg-color=\"false\" data-bg-color=\"\" data-bg-opacity=\"1\" data-animation=\"\" data-delay=\"0\" >\n\t\t<div class=\"vc_column-inner\" >\n\t\t\t<div class=\"wpb_wrapper\">\n\t\t\t\t\n<div class=\"wpb_text_column wpb_content_element\" >\n\t<div class=\"wpb_wrapper\">\n\t\t<h1>Politique de confidentialit\u00e9<\/h1>\n\t<\/div>\n<\/div>\n\n\n\n\n\t\t\t<\/div> \n\t\t<\/div>\n\t<\/div> \n<\/div><\/div>\n\t\t<div id=\"fws_69e2500c0c0f4\"  data-column-margin=\"default\" data-midnight=\"dark\"  class=\"wpb_row vc_row-fluid vc_row\"  style=\"padding-top: 0px; padding-bottom: 0px; \"><div class=\"row-bg-wrap\" data-bg-animation=\"none\" data-bg-animation-delay=\"\" data-bg-overlay=\"false\"><div class=\"inner-wrap row-bg-layer\" ><div class=\"row-bg viewport-desktop\"  style=\"\"><\/div><\/div><\/div><div class=\"row_col_wrap_12 col span_12 dark left\">\n\t<div  class=\"vc_col-sm-12 wpb_column column_container vc_column_container col no-extra-padding inherit_tablet inherit_phone\"  data-padding-pos=\"all\" data-has-bg-color=\"false\" data-bg-color=\"\" data-bg-opacity=\"1\" data-animation=\"\" data-delay=\"0\" >\n\t\t<div class=\"vc_column-inner\" >\n\t\t\t<div class=\"wpb_wrapper\">\n\t\t\t\t\n<div class=\"wpb_text_column wpb_content_element\" >\n\t<div class=\"wpb_wrapper\">\n\t\t<p><strong>POLITIQUE DE PROTECTION DES DONN\u00c9ES POUR LE SITE WEB : www.como-domo.com<\/strong><\/p>\n<h3>1. Qui est le responsable du traitement de vos donn\u00e9es ?<\/h3>\n<p>Le responsable du traitement des donn\u00e9es relatives aux diff\u00e9rents processus concernant la gestion des utilisateurs, des clients et des clients potentiels, des collaborateurs et des fournisseurs a son si\u00e8ge social \u00e0 (province de) et son num\u00e9ro de TVA.<br \/>\nAux fins de notre politique de protection des donn\u00e9es, le num\u00e9ro de t\u00e9l\u00e9phone et l'adresse \u00e9lectronique de contact sont les suivants : info@como-domo.com .<\/p>\n<h3>2. Quelles sont les donn\u00e9es dont nous disposons \u00e0 votre sujet et comment les avons-nous obtenues ?<\/h3>\n<p>Les cat\u00e9gories de donn\u00e9es personnelles que nous traitons au sujet de nos utilisateurs sont les suivantes :<br \/>\n\u2981 Donn\u00e9es personnelles d'identification<br \/>\n\u2981 Courriel postal ou \u00e9lectronique, num\u00e9ro de t\u00e9l\u00e9phone de contact<br \/>\n\u2981 Informations commerciales<br \/>\n\u2981 Donn\u00e9es \u00e9conomiques et transactionnelles<\/p>\n<p>Toutes les donn\u00e9es susmentionn\u00e9es ont \u00e9t\u00e9 obtenues soit directement aupr\u00e8s de vous par la pr\u00e9sentation d'une offre commerciale, d'une proposition contractuelle, etc., soit aupr\u00e8s de votre entreprise pour qu'elle nous fournisse des donn\u00e9es d'identification et d'autres informations n\u00e9cessaires \u00e0 la r\u00e9alisation de l'objet de la relation contractuelle entre les parties. Vous ou votre entreprise serez tenus de nous fournir les donn\u00e9es mises \u00e0 jour en cas de modification.<br \/>\nEn ce qui concerne les donn\u00e9es relatives aux candidats \u00e0 l'emploi, nous avons obtenu vos donn\u00e9es personnelles en soumettant un CV en votre nom ou en obtenant votre candidature par le biais des services d'un portail d'emploi. Dans ce dernier cas, vous avez autoris\u00e9 le transfert de vos donn\u00e9es personnelles \u00e0 notre soci\u00e9t\u00e9 en ins\u00e9rant vos donn\u00e9es de curriculum dans le portail de l'emploi.<\/p>\n<h3>3. Combien de temps conserverons-nous vos donn\u00e9es ?<\/h3>\n<p>Les donn\u00e9es personnelles relatives aux individus li\u00e9s aux clients potentiels, aux clients et aux fournisseurs qui sont collect\u00e9es par le biais des diff\u00e9rents formulaires de contact et\/ou de collecte d'informations seront conserv\u00e9es tant que la suppression n'est pas demand\u00e9e par la partie int\u00e9ress\u00e9e. Les donn\u00e9es personnelles fournies par nos clients et fournisseurs seront conserv\u00e9es pendant la dur\u00e9e de la relation commerciale entre les parties, en respectant dans tous les cas les conditions l\u00e9gales minimales de conservation en la mati\u00e8re.<br \/>\nEn tout \u00e9tat de cause, nous conserverons vos donn\u00e9es \u00e0 caract\u00e8re personnel pendant une p\u00e9riode raisonnablement n\u00e9cessaire, en tenant compte de nos besoins de r\u00e9pondre aux questions qui se posent ou de r\u00e9soudre les probl\u00e8mes, d'apporter des am\u00e9liorations, d'activer de nouveaux services et de satisfaire aux exigences requises par la l\u00e9gislation applicable. Apr\u00e8s cette p\u00e9riode, vos donn\u00e9es personnelles seront supprim\u00e9es de tous les syst\u00e8mes de .<\/p>\n<h3>4. Quelle est la base juridique du traitement de vos donn\u00e9es ?<\/h3>\n<p>TODOCOMODOMO, S.L. traite les donn\u00e9es personnelles fournies par les personnes concern\u00e9es afin de g\u00e9rer diff\u00e9rentes activit\u00e9s d\u00e9coulant de proc\u00e9dures sp\u00e9cifiques r\u00e9alis\u00e9es dans le cadre des ventes, du service apr\u00e8s-vente, de la gestion des fournisseurs, de la gestion des candidats, de la qualit\u00e9 des services, etc. Ainsi, nous utiliserons vos donn\u00e9es pour mener \u00e0 bien certaines des actions suivantes, en fonction de la base juridique correspondante :<\/p>\n<p>En ce qui concerne la base juridique mentionn\u00e9e ci-dessus, vous \u00eates oblig\u00e9 de fournir des donn\u00e9es personnelles, dans le cas o\u00f9 vous ne fournissez pas vos donn\u00e9es personnelles, votre contrat ne peut pas \u00eatre ex\u00e9cut\u00e9 ou respecter les obligations l\u00e9gales ou d\u00e9riv\u00e9es de l'autorit\u00e9 officielle.<\/p>\n<h3>5. A quels destinataires vos donn\u00e9es seront-elles communiqu\u00e9es ?<\/h3>\n<p>TODOCOMODOMO, S.L. ne partagera jamais vos donn\u00e9es personnelles avec des tiers qui ont l'intention de les utiliser dans leurs actions de marketing direct, sauf dans le cas o\u00f9 vous nous avez express\u00e9ment autoris\u00e9s \u00e0 le faire.Nous vous informons que nous pouvons fournir vos donn\u00e9es personnelles aux organismes de l'administration publique et aux autorit\u00e9s comp\u00e9tentes dans les cas o\u00f9 TODOCOMODOMO, S.L. TODOCOMODOMO, S.L. peut fournir vos donn\u00e9es personnelles \u00e0 des tiers (par exemple, des fournisseurs de services Internet qui nous aident \u00e0 g\u00e9rer notre site Web ou \u00e0 ex\u00e9cuter les services contract\u00e9s, des entreprises de soutien et de maintenance informatique, des entreprises de logistique, des agences de conseil fiscal et comptable, etc.) Dans tous les cas, ces tiers doivent maintenir, \u00e0 tout moment, les m\u00eames niveaux de s\u00e9curit\u00e9 que TODOCOMODOMO, S.L. en ce qui concerne vos donn\u00e9es personnelles et, le cas \u00e9ch\u00e9ant, sont li\u00e9s par des engagements l\u00e9gaux afin de garder vos donn\u00e9es personnelles priv\u00e9es et s\u00e9curis\u00e9es, et afin de n'utiliser que l'information suivant les instructions sp\u00e9cifiques de TODOCOMODOMO, S.L.<\/p>\n<h3>6 . Quels sont vos droits en tant que personne affect\u00e9e ou int\u00e9ress\u00e9e ?<\/h3>\n<p>Toute personne a le droit d'obtenir la confirmation que TODOCOMODOMO, S.L. traite ou non des donn\u00e9es \u00e0 caract\u00e8re personnel la concernant. En particulier, les personnes concern\u00e9es peuvent demander le droit d'acc\u00e9der \u00e0 leurs donn\u00e9es \u00e0 caract\u00e8re personnel, ainsi que de les recevoir dans un format structur\u00e9, couramment utilis\u00e9 et lisible par machine (droit \u00e0 la portabilit\u00e9 des donn\u00e9es).En outre, dans certaines circonstances, les personnes concern\u00e9es peuvent demander la limitation du traitement de leurs donn\u00e9es ou, dans certaines circonstances et pour des raisons li\u00e9es \u00e0 leur situation particuli\u00e8re, les personnes concern\u00e9es peuvent exercer leur droit d'opposition sur leurs donn\u00e9es personnelles. TODOCOMODOMO, S.L. cessera de traiter les donn\u00e9es, sauf pour des raisons l\u00e9gitimes imp\u00e9rieuses, ou pour l'exercice ou la d\u00e9fense d'\u00e9ventuelles r\u00e9clamations ou dans les exceptions \u00e9tablies dans la r\u00e9glementation applicable.<\/p>\n<p>De m\u00eame, nous vous informons que vous avez le droit d'effacer les consentements donn\u00e9s \u00e0 tout moment, sans que cela n'affecte la l\u00e9galit\u00e9 du traitement fond\u00e9 sur le consentement pr\u00e9alable \u00e0 son retrait.<\/p>\n<p>De m\u00eame, l'utilisateur est inform\u00e9 qu'il peut \u00e0 tout moment exercer les droits susmentionn\u00e9s en nous \u00e9crivant aux coordonn\u00e9es figurant dans la section 1, \"Responsable du traitement\" de la pr\u00e9sente politique de protection des donn\u00e9es personnelles de TODOCOMODOMO, S.L. Dans tous les cas, l'entit\u00e9 se r\u00e9serve le droit de demander un document justificatif au demandeur afin de v\u00e9rifier son identit\u00e9 et uniquement dans les cas o\u00f9 une telle v\u00e9rification ne peut \u00eatre effectu\u00e9e par d'autres moyens.<\/p>\n<p>Vous aurez \u00e9galement le droit de saisir l'Agence espagnole de protection des donn\u00e9es, notamment lorsque vous n'avez pas obtenu satisfaction dans l'exercice de vos droits.<\/p>\n<p>Agencia Espa\u00f1ola de Protecci\u00f3n de Datos.<br \/>\nC\/ Jorge Juan, 6 - 28001 - Madrid<br \/>\nTelf. +34-901100099 \/ +34-912663517<\/p>\n<h3>7. Protection des donn\u00e9es personnelles des utilisateurs de la page web.<\/h3>\n<p>Conform\u00e9ment au R\u00e8glement (UE) 2016\/679 en vigueur, TODOCOMODOMO, S.L. informe que les donn\u00e9es personnelles des utilisateurs du site web (telles que les donn\u00e9es que vous nous fournissez \u00e0 travers les formulaires remplis et les m\u00e9tadonn\u00e9es associ\u00e9es \u00e0 ces formulaires : date, heure d'envoi, IP d'envoi, etc.) seront trait\u00e9es pour l'activit\u00e9 de traitement indiqu\u00e9e dans chaque formulaire de collecte de donn\u00e9es de notre site web pour le compte de TODOCOMODOMO, S.L.. Le traitement de vos donn\u00e9es sera effectu\u00e9 sur la base de votre consentement. En cliquant sur le bouton \"ENVOYER\", l'utilisateur consent au traitement de ses donn\u00e9es personnelles par TODOCOMODOMO, S.L.<\/p>\n<p>De m\u00eame, nous vous informons que, sauf obligation l\u00e9gale ou consentement expr\u00e8s de votre part, TODOCOMODOMO, S.L. ne communiquera pas vos donn\u00e9es \u00e0 des tiers.<\/p>\n<p>De m\u00eame, la personne concern\u00e9e est inform\u00e9e qu'elle peut \u00e0 tout moment exercer les droits d'acc\u00e8s, de rectification ou d'effacement des donn\u00e9es ainsi que les autres droits reconnus dans le pr\u00e9sent document et r\u00e9gis par le r\u00e8glement (UE) 2016\/679 en nous \u00e9crivant aux coordonn\u00e9es indiqu\u00e9es dans la section 1, \"Responsable du traitement\".<\/p>\n<p>En outre, conform\u00e9ment aux dispositions de la loi 34\/2002, du 11 juillet, Services de la soci\u00e9t\u00e9 de l'information et du commerce \u00e9lectronique, s'engage \u00e0 ne pas envoyer de publicit\u00e9 par courrier \u00e9lectronique sans avoir obtenu au pr\u00e9alable le consentement explicite du destinataire. La personne concern\u00e9e peut s'opposer \u00e0 l'envoi de publicit\u00e9 en cochant la case correspondante.<\/p>\n<h3>8. Autres informations d'int\u00e9r\u00eat concernant notre politique en mati\u00e8re de respect de la vie priv\u00e9e<\/h3>\n<p><strong>8.1 Mesures de s\u00e9curit\u00e9<\/strong><\/p>\n<p>TODOCOMODOMO, S.L. adopte les niveaux de s\u00e9curit\u00e9 requis par la r\u00e9glementation europ\u00e9enne et espagnole en vigueur en mati\u00e8re de protection des donn\u00e9es, en tenant compte de l'\u00e9tat de la technique, des co\u00fbts de mise en \u0153uvre et de la nature, de la port\u00e9e, du contexte et des finalit\u00e9s du traitement, ainsi que des risques de probabilit\u00e9 et de gravit\u00e9 variables pour les droits et libert\u00e9s des personnes physiques que pr\u00e9sente le traitement.<\/p>\n<p><strong>8.2 Traitement des donn\u00e9es des mineurs<\/strong><\/p>\n<p>En vertu du r\u00e8glement (UE) 2016\/679 et de la LOPDGDD 3\/2018, les mineurs de plus de 14 ans peuvent donner leur consentement \u00e0 la contraction de services de la soci\u00e9t\u00e9 de l'information, tels que l'inscription \u00e0 un forum, le remplissage d'un formulaire de contact, etc. Cependant, il incombera \u00e0 TODOCOMODOMO, S.L. de v\u00e9rifier l'exactitude de l'\u00e2ge indiqu\u00e9 par le mineur.<\/p>\n<p>En ce qui concerne le traitement des donn\u00e9es relatives \u00e0 des mineurs de moins de 14 ans, ce traitement n'est licite que si et dans la mesure o\u00f9 le consentement est donn\u00e9 ou autoris\u00e9 par le titulaire des responsabilit\u00e9s parentales \u00e0 l'\u00e9gard de l'enfant.<\/p>\n<p><strong>8.3 Modifications de notre politique de protection des donn\u00e9es et de la vie priv\u00e9e<\/strong><\/p>\n<p>Veuillez noter que TODOCOMODOMO, S.L. peut mettre \u00e0 jour ou modifier cette politique de protection des donn\u00e9es pour les clients, les fournisseurs et les utilisateurs. Nous vous invitons \u00e0 consulter r\u00e9guli\u00e8rement cette section pour prendre connaissance des changements intervenus et de la mani\u00e8re dont ils peuvent vous concerner.<\/p>\n<p><strong>8.4 Pourquoi est-il n\u00e9cessaire d'accepter cette politique de protection des donn\u00e9es et de la vie priv\u00e9e ?<\/strong><\/p>\n<p>Cette section de la politique de protection des donn\u00e9es des clients, fournisseurs et utilisateurs du site Web de TODOCOMODOMO, S.L. vous fournit, de mani\u00e8re facilement accessible, toutes les informations n\u00e9cessaires pour que vous puissiez conna\u00eetre le type de donn\u00e9es personnelles que nous conservons sur les clients, fournisseurs et utilisateurs, les finalit\u00e9s poursuivies, les droits que la r\u00e9glementation en mati\u00e8re de protection des donn\u00e9es vous reconna\u00eet en tant que personne concern\u00e9e et la mani\u00e8re d'exercer ces droits. Par cons\u00e9quent, avec l'envoi d\u00e9lib\u00e9r\u00e9 de vos donn\u00e9es personnelles par le biais de nos moyens de contact et \/ ou avec le d\u00e9but de la relation commerciale avec notre soci\u00e9t\u00e9, nous consid\u00e9rons que vous reconnaissez et acceptez le traitement de vos donn\u00e9es personnelles comme d\u00e9crit dans cette politique. Ces informations personnelles ne seront utilis\u00e9es qu'aux fins pour lesquelles vous les avez fournies ou pour lesquelles certaines r\u00e9glementations nationales ou r\u00e9gionales nous permettent de le faire.<\/p>\n<p>En tout \u00e9tat de cause, nous devons vous avertir qu'un refus de votre part de fournir certaines informations demand\u00e9es pourrait entraver le d\u00e9veloppement de la relation contractuelle entre les parties avec d'\u00e9ventuelles cons\u00e9quences graves au moment de fournir les diff\u00e9rentes prestations pr\u00e9vues dans le contrat commercial avec la partie contractante.<\/p>\n<p>Si vous avez des questions concernant cette section de la politique de protection des donn\u00e9es personnelles pour les clients, les fournisseurs et les utilisateurs, veuillez contacter la soci\u00e9t\u00e9 \u00e0 l'adresse fournie dans la premi\u00e8re section \"Contr\u00f4leur des donn\u00e9es\" et nous serons heureux de vous aider et de r\u00e9pondre \u00e0 toutes les questions suppl\u00e9mentaires que vous pourriez avoir.<\/p>\n<h3>9. L\u00e9gislation applicable<\/h3>\n<p>Les pr\u00e9sentes conditions sont r\u00e9gies \u00e0 tout moment par les dispositions de la l\u00e9gislation espagnole et europ\u00e9enne en mati\u00e8re de protection des donn\u00e9es personnelles et de la vie priv\u00e9e.<\/p>\n<p><strong>\u00a0<\/strong><\/p>\n\t<\/div>\n<\/div>\n\n\n\n\n\t\t\t<\/div> \n\t\t<\/div>\n\t<\/div> \n<\/div><\/div>","protected":false},"excerpt":{"rendered":"Politique de confidentialit\u00e9 POLITIQUE DE PROTECTION DES DONN\u00c9ES POUR LE SITE WEB : www.como-domo.com 1. Qui est le responsable du traitement de vos donn\u00e9es ? Le responsable du traitement des donn\u00e9es se r\u00e9f\u00e8re aux diff\u00e9rents processus concernant...","protected":false},"author":1,"featured_media":0,"parent":0,"menu_order":0,"comment_status":"closed","ping_status":"closed","template":"","meta":{"_acf_changed":false,"footnotes":""},"class_list":["post-3576","page","type-page","status-publish"],"acf":[],"_links":{"self":[{"href":"https:\/\/dev.como-domo.com\/fr\/wp-json\/wp\/v2\/pages\/3576","targetHints":{"allow":["GET"]}}],"collection":[{"href":"https:\/\/dev.como-domo.com\/fr\/wp-json\/wp\/v2\/pages"}],"about":[{"href":"https:\/\/dev.como-domo.com\/fr\/wp-json\/wp\/v2\/types\/page"}],"author":[{"embeddable":true,"href":"https:\/\/dev.como-domo.com\/fr\/wp-json\/wp\/v2\/users\/1"}],"replies":[{"embeddable":true,"href":"https:\/\/dev.como-domo.com\/fr\/wp-json\/wp\/v2\/comments?post=3576"}],"version-history":[{"count":24,"href":"https:\/\/dev.como-domo.com\/fr\/wp-json\/wp\/v2\/pages\/3576\/revisions"}],"predecessor-version":[{"id":8629,"href":"https:\/\/dev.como-domo.com\/fr\/wp-json\/wp\/v2\/pages\/3576\/revisions\/8629"}],"wp:attachment":[{"href":"https:\/\/dev.como-domo.com\/fr\/wp-json\/wp\/v2\/media?parent=3576"}],"curies":[{"name":"wp","href":"https:\/\/api.w.org\/{rel}","templated":true}]}}