{"id":946,"date":"2021-09-16T11:53:36","date_gmt":"2021-09-16T09:53:36","guid":{"rendered":"https:\/\/dev.como-domo.com\/?page_id=946"},"modified":"2023-03-24T18:27:37","modified_gmt":"2023-03-24T17:27:37","slug":"about-us","status":"publish","type":"page","link":"https:\/\/dev.como-domo.com\/fr\/a-propos-de-nous\/","title":{"rendered":"A propos de nous"},"content":{"rendered":"<div id=\"fws_69e25064ce3d1\"  data-column-margin=\"default\" data-midnight=\"dark\" data-top-percent=\"2%\"  class=\"wpb_row vc_row-fluid vc_row\"  style=\"padding-top: calc(100vw * 0.02); padding-bottom: 0px; \"><div class=\"row-bg-wrap\" data-bg-animation=\"none\" data-bg-animation-delay=\"\" data-bg-overlay=\"false\"><div class=\"inner-wrap row-bg-layer\" ><div class=\"row-bg viewport-desktop\"  style=\"\"><\/div><\/div><\/div><div class=\"row_col_wrap_12 col span_12 dark left\">\n\t<div  class=\"vc_col-sm-12 wpb_column column_container vc_column_container col no-extra-padding inherit_tablet inherit_phone\"  data-padding-pos=\"all\" data-has-bg-color=\"false\" data-bg-color=\"\" data-bg-opacity=\"1\" data-animation=\"\" data-delay=\"0\" >\n\t\t<div class=\"vc_column-inner\" >\n\t\t\t<div class=\"wpb_wrapper\">\n\t\t\t\t\n<div class=\"wpb_text_column wpb_content_element\" style=\" max-width: 750px; display: inline-block;\">\n\t<div class=\"wpb_wrapper\">\n\t\t<h1>A propos de nous<\/h1>\n\t<\/div>\n<\/div>\n\n\n\n<div class=\"divider-wrap\" data-alignment=\"default\"><div style=\"height: 25px;\" class=\"divider\"><\/div><\/div><div class=\"page-submenu\" data-bg-color=\"#f0f0f0\" data-sticky=\"false\" data-alignment=\"left\"><div class=\"full-width-section\" style=\"background-color:#f0f0f0; color: #000000;\"><div class=\"container\"><a href=\"#\" class=\"mobile-menu-link\"><i class=\"salient-page-submenu-icon\"><\/i>Menu<\/a><ul style=\"background-color:#f0f0f0; color: #000000;\"><li><a  href=\"#about-us\">A propos de nous<\/a><\/li><li><a  href=\"#faqs\">FAQ<\/a><\/li><li><a  href=\"#contact\">Contact<\/a><\/li><\/ul><\/div><\/div><\/div>\n\t\t\t<\/div> \n\t\t<\/div>\n\t<\/div> \n<\/div><\/div>\n\t\t<div id=\"about-us\"  data-column-margin=\"default\" data-midnight=\"dark\" data-top-percent=\"5%\"  class=\"wpb_row vc_row-fluid vc_row full-width-section\"  style=\"padding-top: calc(100vw * 0.05); padding-bottom: 0px; \"><div class=\"row-bg-wrap\" data-bg-animation=\"none\" data-bg-animation-delay=\"\" data-bg-overlay=\"false\"><div class=\"inner-wrap row-bg-layer\" ><div class=\"row-bg viewport-desktop using-bg-color\"  style=\"background-color: #ffffff; \"><\/div><\/div><\/div><div class=\"row_col_wrap_12 col span_12 dark left\">\n\t<div  class=\"vc_col-sm-8 wpb_column column_container vc_column_container col no-extra-padding inherit_tablet inherit_phone\"  data-padding-pos=\"all\" data-has-bg-color=\"false\" data-bg-color=\"\" data-bg-opacity=\"1\" data-animation=\"\" data-delay=\"0\" >\n\t\t<div class=\"vc_column-inner\" >\n\t\t\t<div class=\"wpb_wrapper\">\n\t\t\t\t\n<div class=\"wpb_text_column wpb_content_element\" >\n\t<div class=\"wpb_wrapper\">\n\t\t<h2>A propos de nous<\/h2>\n<p><span style=\"font-weight: 400;\">Il est essentiel de maintenir une communication fluide, claire et bien structur\u00e9e entre les personnes, les entreprises et les institutions, afin que tout se passe au mieux.\u00a0<\/span><\/p>\n<p><span style=\"font-weight: 400;\">Afin de contribuer \u00e0 la r\u00e9alisation de cet objectif, les membres de COMODOMO mettent \u00e0 disposition leur vaste exp\u00e9rience du monde de l'Internet et de la communication. Un d\u00e9fi qui nous remplit de satisfaction et d'enthousiasme.<\/span><\/p>\n\t<\/div>\n<\/div>\n\n\n\n<div class=\"divider-wrap\" data-alignment=\"default\"><div style=\"height: 25px;\" class=\"divider\"><\/div><\/div><div class=\"divider-wrap\" data-alignment=\"default\"><div style=\"height: 25px;\" class=\"divider\"><\/div><\/div>\n\t\t\t<\/div> \n\t\t<\/div>\n\t<\/div> \n\n\t<div  class=\"vc_col-sm-4 wpb_column column_container vc_column_container col no-extra-padding inherit_tablet inherit_phone\"  data-padding-pos=\"all\" data-has-bg-color=\"false\" data-bg-color=\"\" data-bg-opacity=\"1\" data-animation=\"\" data-delay=\"0\" >\n\t\t<div class=\"vc_column-inner\" >\n\t\t\t<div class=\"wpb_wrapper\">\n\t\t\t\t\n\t\t\t<\/div> \n\t\t<\/div>\n\t<\/div> \n<\/div><\/div>\n\t\t<div id=\"faqs\"  data-column-margin=\"default\" data-midnight=\"dark\" data-top-percent=\"5%\"  class=\"wpb_row vc_row-fluid vc_row full-width-section\"  style=\"padding-top: calc(100vw * 0.05); padding-bottom: 0px; \"><div class=\"row-bg-wrap\" data-bg-animation=\"none\" data-bg-animation-delay=\"\" data-bg-overlay=\"false\"><div class=\"inner-wrap row-bg-layer\" ><div class=\"row-bg viewport-desktop using-bg-color\"  style=\"background-color: #ffffff; \"><\/div><\/div><\/div><div class=\"row_col_wrap_12 col span_12 dark left\">\n\t<div  class=\"vc_col-sm-12 wpb_column column_container vc_column_container col no-extra-padding inherit_tablet inherit_phone\"  data-padding-pos=\"all\" data-has-bg-color=\"false\" data-bg-color=\"\" data-bg-opacity=\"1\" data-animation=\"\" data-delay=\"0\" >\n\t\t<div class=\"vc_column-inner\" >\n\t\t\t<div class=\"wpb_wrapper\">\n\t\t\t\t\n<div class=\"wpb_text_column wpb_content_element\" >\n\t<div class=\"wpb_wrapper\">\n\t\t<h2>Questions fr\u00e9quemment pos\u00e9es<\/h2>\n\t<\/div>\n<\/div>\n\n\n\n<div class=\"toggles\" data-br=\"\" data-starting=\"default\" data-style=\"minimal\"><div class=\"toggle default\" data-inner-wrap=\"true\"><h3 class=\"toggle-title\"><a href=\"#\" class=\"toggle-heading\"><i class=\"fa fa-plus-circle\"><\/i>Qu'est-ce que COMO-DOMO ?<\/a><\/h3><div><div class=\"inner-toggle-wrap\">\n<div class=\"wpb_text_column wpb_content_element\" >\n\t<div class=\"wpb_wrapper\">\n\t\t<p>Il s'agit d'un service simple et efficace de partage d'informations dans tous les domaines, \u00e0 la fois \u00e0 la maison et au travail.<br \/>\nC'est simple, intuitif et g\u00e9rable depuis votre smartphone.<\/p>\n\t<\/div>\n<\/div>\n\n\n\n<\/div><\/div><\/div><div class=\"toggle default\" data-inner-wrap=\"true\"><h3 class=\"toggle-title\"><a href=\"#\" class=\"toggle-heading\"><i class=\"fa fa-plus-circle\"><\/i>Comment fonctionne COMO-DOMO ?<\/a><\/h3><div><div class=\"inner-toggle-wrap\">\n<div class=\"wpb_text_column wpb_content_element\" >\n\t<div class=\"wpb_wrapper\">\n\t\t<p><span style=\"font-weight: 400;\">Il s'agit d'un outil pratique qui permet aux utilisateurs de d\u00e9crire, point par point, des proc\u00e9dures pour des t\u00e2ches courantes, et de stocker ces informations. Ils peuvent ainsi permettre \u00e0 d'autres personnes, individus ou groupes, de consulter leurs messages en toute confidentialit\u00e9.<\/span><\/p>\n\t<\/div>\n<\/div>\n\n\n\n<\/div><\/div><\/div><div class=\"toggle default\" data-inner-wrap=\"true\"><h3 class=\"toggle-title\"><a href=\"#\" class=\"toggle-heading\"><i class=\"fa fa-plus-circle\"><\/i>\u00c0 quoi peut servir COMO-DOMO ?<\/a><\/h3><div><div class=\"inner-toggle-wrap\">\n<div class=\"wpb_text_column wpb_content_element\" >\n\t<div class=\"wpb_wrapper\">\n\t\t<p><span style=\"font-weight: 400;\">Il fonctionne vraiment bien dans de nombreuses situations diff\u00e9rentes, dans n'importe quel domaine, entreprise ou profession, et il est tout aussi valable \u00e0 la maison qu'au travail.<\/span><\/p>\n<p><b>\u00c0 la maison<\/b><\/p>\n<ul>\n<li><span style=\"font-weight: 400;\"> Vous pouvez l'utiliser pour coordonner des \u00e9v\u00e9nements de groupe, des f\u00eates de famille et d'amis, et m\u00eame des voyages de week-end...<\/span><\/li>\n<li><span style=\"font-weight: 400;\"> Lorsque vous confiez \u00e0 quelqu'un d'autre le soin de s'occuper d'une personne \u00e2g\u00e9e ou d'un enfant, ou m\u00eame d'un jardin ou d'un animal de compagnie, cela vous sera tr\u00e8s utile.<\/span><\/li>\n<li><span style=\"font-weight: 400;\"> Il permet \u00e9galement de partager avec toute la famille la fa\u00e7on de faire fonctionner la machine \u00e0 laver, le syst\u00e8me de chauffage de la maison, etc.<\/span><\/li>\n<li><span style=\"font-weight: 400;\"> Si vous pr\u00eatez votre maison de campagne \u00e0 quelqu'un, vous pouvez lui fournir des informations sur son fonctionnement.<\/span><\/li>\n<\/ul>\n<p><b>Au travail<\/b><\/p>\n<ul>\n<li><span style=\"font-weight: 400;\"> Lorsque l'on charge quelqu'un de s'occuper d'une ferme, d'une maison, d'un magasin...<\/span><\/li>\n<li><span style=\"font-weight: 400;\"> De m\u00eame, si vous devez confier une t\u00e2che ou un projet \u00e0 quelqu'un.<\/span><\/li>\n<li><span style=\"font-weight: 400;\"> Id\u00e9al pour les proc\u00e9dures de contr\u00f4le de la qualit\u00e9 et de normalisation<\/span><\/li>\n<\/ul>\n<p><strong>par exemple\u00a0<\/strong><\/p>\n<p><span style=\"font-weight: 400;\">-H\u00f4tels : Pour pr\u00e9parer des chambres confortables et propres avant d'accueillir des clients, il est essentiel de maintenir le personnel \u00e0 jour et bien form\u00e9, ce pour quoi l'apprentissage en ligne et la communication sont essentiels. En outre, le processus de formation sera all\u00e9g\u00e9 chaque fois qu'un nouvel employ\u00e9 rejoindra l'\u00e9quipe.\u00a0<\/span><\/p>\n<p><span style=\"font-weight: 400;\">-Restaurants : Comment dresser une table pour les f\u00eates ? En cas de doute, les serveurs peuvent consulter vos conseils et informations sur leur propre smartphone...\u00a0<\/span><\/p>\n<p><span style=\"font-weight: 400;\">-Jardinage : Une liste de points d\u00e9crivant les actions \u00e0 entreprendre chaque mois dans un lieu donn\u00e9. Elle sera utile lorsque l'\u00e9quipe de jardiniers...<\/span>\u00a0change souvent de personnel.<\/p>\n<p><b>Egalement pour les normes communautaires<\/b><\/p>\n<p><span style=\"font-weight: 400;\">Destin\u00e9 \u00e0 des espaces tels que les clubs sportifs et les installations sportives, les parties communes d'une copropri\u00e9t\u00e9, ou les aires de jeux dans les \u00e9coles...<\/span><\/p>\n<p><span style=\"font-weight: 400;\">Il permet de r\u00e9diger et d'afficher efficacement les normes essentielles pour l'utilisation correcte de ces sites, qui peuvent \u00eatre affich\u00e9es en pla\u00e7ant le QR correspondant (fourni par COMO-DOMO) \u00e0 un endroit remarquable et visible.<\/span><\/p>\n<p style=\"text-align: center;\"><span style=\"font-weight: 400;\">En tout \u00e9tat de cause, <\/span><b>COMO-DOMO<\/b><span style=\"font-weight: 400;\"> deviendra le canal id\u00e9al pour partager vos instructions...\u00a0<\/span><\/p>\n\t<\/div>\n<\/div>\n\n\n\n<\/div><\/div><\/div><div class=\"toggle default\" data-inner-wrap=\"true\"><h3 class=\"toggle-title\"><a href=\"#\" class=\"toggle-heading\"><i class=\"fa fa-plus-circle\"><\/i>Qu'est-ce qu'un THEME, dans COMO-DOMO ?<\/a><\/h3><div><div class=\"inner-toggle-wrap\">\n<div class=\"wpb_text_column wpb_content_element\" >\n\t<div class=\"wpb_wrapper\">\n\t\t<p><span style=\"font-weight: 400;\">Imaginez une chemise en papier remplie de documents, avec une \u00e9tiquette \u00e9crite sur l'un des rabats.\u00a0<\/span><\/p>\n<p>&nbsp;<\/p>\n<p><span style=\"font-weight: 400;\">Le libell\u00e9 de l'\u00e9tiquette indique le th\u00e8me de son contenu, et donc tous les documents qui s'y trouvent s'y rapportent.<\/span><\/p>\n<p>&nbsp;<\/p>\n<p><span style=\"font-weight: 400;\">C'est l'id\u00e9e, mais \u00e0 la diff\u00e9rence, le dossier est virtuel dans ce cas...<\/span><\/p>\n<p>&nbsp;<\/p>\n<p><span style=\"font-weight: 400;\">En bref, les th\u00e8mes sont des dossiers en ligne contenant vos \u00e9l\u00e9ments d'information, qui sont affich\u00e9s de mani\u00e8re propre et organis\u00e9e.<\/span><\/p>\n\t<\/div>\n<\/div>\n\n\n\n<\/div><\/div><\/div><div class=\"toggle default\" data-inner-wrap=\"true\"><h3 class=\"toggle-title\"><a href=\"#\" class=\"toggle-heading\"><i class=\"fa fa-plus-circle\"><\/i>Comment les THEMES sont-ils structur\u00e9s ?<\/a><\/h3><div><div class=\"inner-toggle-wrap\">\n<div class=\"wpb_text_column wpb_content_element\" >\n\t<div class=\"wpb_wrapper\">\n\t\t<p><span style=\"font-weight: 400;\">Il correspond \u00e0 un mod\u00e8le d'arborescence de dossiers typique, commen\u00e7ant par un <strong>Page racine<\/strong>qui ne mentionne g\u00e9n\u00e9ralement que le titre du th\u00e8me, mais qui peut \u00e9ventuellement inclure un texte d'introduction ou une image \"ad hoc\". (Voir \"R\" dans le graphique)<\/span><\/p>\n<p><span style=\"font-weight: 400;\">Toutefois, en plus d'\u00eatre une couverture d'introduction, la page racine servira de <strong>l'espace qui lie ses propres sections<\/strong>qui, \u00e0 son tour, aura son propre titre et son propre contenu. En outre, chaque section peut se subdiviser en sous-sections.<\/span><\/p>\n<p><img decoding=\"async\" class=\"aligncenter\" src=\"https:\/\/dev.como-domo.com\/wp-content\/uploads\/2023\/03\/Folder-tree.png\" alt=\"\" \/><\/p>\n<p>Une fois le th\u00e8me publi\u00e9, l'arborescence des dossiers s'affiche \u00e0 l'\u00e9cran sous la forme d'un index num\u00e9rot\u00e9 facile \u00e0 utiliser pour une r\u00e9f\u00e9rence rapide.<\/p>\n\t<\/div>\n<\/div>\n\n\n\n<\/div><\/div><\/div><div class=\"toggle default\" data-inner-wrap=\"true\"><h3 class=\"toggle-title\"><a href=\"#\" class=\"toggle-heading\"><i class=\"fa fa-plus-circle\"><\/i>Comment cr\u00e9er un nouveau th\u00e8me ?<\/a><\/h3><div><div class=\"inner-toggle-wrap\">\n<div class=\"wpb_text_column wpb_content_element\" >\n\t<div class=\"wpb_wrapper\">\n\t\t<p><span style=\"font-weight: 400;\">Visitez notre th\u00e8me : <\/span><a href=\"https:\/\/dev.como-domo.com\/fr\/?view=NzM4MQ==\"><span style=\"font-weight: 400;\">https:\/\/dev.como-domo.com\/?view=NzM4MQ==<\/span><\/a><\/p>\n\t<\/div>\n<\/div>\n\n\n\n<\/div><\/div><\/div><\/div>\n\n\n\n\n\n\n\n\n\n\n\n\n\n\n\n\n\n\n\n\n\t\t\t<\/div> \n\t\t<\/div>\n\t<\/div> \n<\/div><\/div>\n\t\t<div id=\"contact\"  data-column-margin=\"default\" data-midnight=\"dark\" data-top-percent=\"5%\" data-bottom-percent=\"5%\"  class=\"wpb_row vc_row-fluid vc_row full-width-section\"  style=\"padding-top: calc(100vw * 0.05); padding-bottom: calc(100vw * 0.05); \"><div class=\"row-bg-wrap\" data-bg-animation=\"none\" data-bg-animation-delay=\"\" data-bg-overlay=\"false\"><div class=\"inner-wrap row-bg-layer\" ><div class=\"row-bg viewport-desktop using-bg-color\"  style=\"background-color: #ffffff; \"><\/div><\/div><\/div><div class=\"row_col_wrap_12 col span_12 dark left\">\n\t<div  class=\"vc_col-sm-12 wpb_column column_container vc_column_container col no-extra-padding inherit_tablet inherit_phone\"  data-padding-pos=\"all\" data-has-bg-color=\"false\" data-bg-color=\"\" data-bg-opacity=\"1\" data-animation=\"\" data-delay=\"0\" >\n\t\t<div class=\"vc_column-inner\" >\n\t\t\t<div class=\"wpb_wrapper\">\n\t\t\t\t\n<div class=\"wpb_text_column wpb_content_element\" >\n\t<div class=\"wpb_wrapper\">\n\t\t<h2>Glossaire COMO-DOMO<\/h2>\n\t<\/div>\n<\/div>\n\n\n\n<div class=\"divider-wrap\" data-alignment=\"default\"><div style=\"height: 25px;\" class=\"divider\"><\/div><\/div>\n<div class=\"wpb_text_column wpb_content_element\" >\n\t<div class=\"wpb_wrapper\">\n\t\t<ul>\n<li><b>Th\u00e8me<\/b><span style=\"font-weight: 400;\">Ce terme d\u00e9signe un dossier contenant les informations relatives \u00e0 un certain motif, que les utilisateurs compilent pour les partager avec d'autres avec leur consentement.<\/span><\/li>\n<li><b>B\u00e9n\u00e9ficiaires \/ r\u00e9cepteurs<\/b><span style=\"font-weight: 400;\">Les personnes autoris\u00e9es par l'utilisateur concern\u00e9 \u00e0 consulter les informations partag\u00e9es. Ainsi, elles sont les seules \u00e0 pouvoir les lire.<\/span><\/li>\n<li><b>Contenu : <\/b><span style=\"font-weight: 400;\">les informations contenues dans un th\u00e8me ou une section, fournies sous forme de texte, de voix, d'images, de documents, de vid\u00e9os.....<\/span><\/li>\n<\/ul>\n\t<\/div>\n<\/div>\n\n\n\n\n\t\t\t<\/div> \n\t\t<\/div>\n\t<\/div> \n<\/div><\/div>\n\t\t<div id=\"contact\"  data-column-margin=\"default\" data-midnight=\"dark\" data-top-percent=\"5%\" data-bottom-percent=\"5%\"  class=\"wpb_row vc_row-fluid vc_row full-width-section\"  style=\"padding-top: calc(100vw * 0.05); padding-bottom: calc(100vw * 0.05); \"><div class=\"row-bg-wrap\" data-bg-animation=\"none\" data-bg-animation-delay=\"\" data-bg-overlay=\"false\"><div class=\"inner-wrap row-bg-layer\" ><div class=\"row-bg viewport-desktop using-bg-color\"  style=\"background-color: #ffffff; \"><\/div><\/div><\/div><div class=\"row_col_wrap_12 col span_12 dark left\">\n\t<div  class=\"vc_col-sm-12 wpb_column column_container vc_column_container col no-extra-padding inherit_tablet inherit_phone\"  data-padding-pos=\"all\" data-has-bg-color=\"false\" data-bg-color=\"\" data-bg-opacity=\"1\" data-animation=\"\" data-delay=\"0\" >\n\t\t<div class=\"vc_column-inner\" >\n\t\t\t<div class=\"wpb_wrapper\">\n\t\t\t\t\n<div class=\"wpb_text_column wpb_content_element\" >\n\t<div class=\"wpb_wrapper\">\n\t\t<h2>Nous contacter<\/h2>\n\t<\/div>\n<\/div>\n\n\n\n<div class=\"divider-wrap\" data-alignment=\"default\"><div style=\"height: 25px;\" class=\"divider\"><\/div><\/div>\n<div class=\"wpb_text_column wpb_content_element\" >\n\t<div class=\"wpb_wrapper\">\n\t\t\n<div class=\"wpcf7 no-js\" id=\"wpcf7-f958-o1\" lang=\"es-ES\" dir=\"ltr\">\n<div class=\"screen-reader-response\"><p role=\"status\" aria-live=\"polite\" aria-atomic=\"true\"><\/p> <ul><\/ul><\/div>\n<form action=\"\/fr\/wp-json\/wp\/v2\/pages\/946#wpcf7-f958-o1\" method=\"post\" class=\"wpcf7-form init\" aria-label=\"Formulaire de contact\" novalidate=\"novalidate\" data-status=\"init\" data-trp-original-action=\"\/fr\/wp-json\/wp\/v2\/pages\/946#wpcf7-f958-o1\">\n<div style=\"display: none;\">\n<input type=\"hidden\" name=\"_wpcf7\" value=\"958\" \/>\n<input type=\"hidden\" name=\"_wpcf7_version\" value=\"5.9.8\" \/>\n<input type=\"hidden\" name=\"_wpcf7_locale\" value=\"es_ES\" \/>\n<input type=\"hidden\" name=\"_wpcf7_unit_tag\" value=\"wpcf7-f958-o1\" \/>\n<input type=\"hidden\" name=\"_wpcf7_container_post\" value=\"0\" \/>\n<input type=\"hidden\" name=\"_wpcf7_posted_data_hash\" value=\"\" \/>\n<\/div>\n<div class=\"row\">\n\t<div class=\"col span_6\"  style=\"padding-right:30px;\">\n\t\t<p><label> Votre nom<br \/>\n<span class=\"wpcf7-form-control-wrap\" data-name=\"your-name\"><input size=\"40\" maxlength=\"400\" class=\"wpcf7-form-control wpcf7-text wpcf7-validates-as-required\" aria-required=\"true\" aria-invalid=\"false\" placeholder=\"Nom\" value=\"\" type=\"text\" name=\"your-name\" \/><\/span> <\/label>\n\t\t<\/p>\n\t<\/div>\n\t<div class=\"col span_6\" >\n\t\t<p><label> Votre email<br \/>\n<span class=\"wpcf7-form-control-wrap\" data-name=\"your-email\"><input size=\"40\" maxlength=\"400\" class=\"wpcf7-form-control wpcf7-email wpcf7-validates-as-required wpcf7-text wpcf7-validates-as-email\" aria-required=\"true\" aria-invalid=\"false\" placeholder=\"Courriel\" value=\"\" type=\"email\" name=\"your-email\" \/><\/span> <\/label>\n\t\t<\/p>\n\t<\/div>\n<\/div>\n<p><label> Sujet<br \/>\n<span class=\"wpcf7-form-control-wrap\" data-name=\"your-subject\"><input size=\"40\" maxlength=\"400\" class=\"wpcf7-form-control wpcf7-text wpcf7-validates-as-required\" aria-required=\"true\" aria-invalid=\"false\" placeholder=\"Sujet\" value=\"\" type=\"text\" name=\"your-subject\" \/><\/span> <\/label>\n<\/p>\n<p><label> Message (facultatif)<br \/>\n<span class=\"wpcf7-form-control-wrap\" data-name=\"your-message\"><textarea cols=\"40\" rows=\"4\" maxlength=\"2000\" class=\"wpcf7-form-control wpcf7-textarea\" aria-invalid=\"false\" placeholder=\"Votre message\" name=\"your-message\"><\/textarea><\/span> <\/label>\n<\/p>\n<p><span class=\"wpcf7-form-control-wrap\" data-name=\"aceptacion\"><span class=\"wpcf7-form-control wpcf7-acceptance\"><span class=\"wpcf7-list-item\"><label><input type=\"checkbox\" name=\"aceptacion\" value=\"1\" aria-invalid=\"false\" \/><span class=\"wpcf7-list-item-label\">J'ai lu et j'accepte les <a href=\"https:\/\/dev.como-domo.com\/fr\/politique-de-confidentialite\/\" target=\"_blank\">Politique de confidentialit\u00e9 de Comodomo<\/a><\/span><\/label><\/span><\/span><\/span><br \/>\n<input class=\"wpcf7-form-control wpcf7-submit has-spinner\" type=\"submit\" value=\"Soumettre\" \/>\n<\/p><input type=\"text\" name=\"ZTl7Q\" value=\"\" style=\"display: none !important;\" \/><div class=\"wpcf7-response-output\" aria-hidden=\"true\"><\/div>\n<input type=\"hidden\" name=\"trp-form-language\" value=\"fr\"\/><\/form>\n<\/div>\n\n\t<\/div>\n<\/div>\n\n\n\n\n\t\t\t<\/div> \n\t\t<\/div>\n\t<\/div> \n<\/div><\/div>","protected":false},"excerpt":{"rendered":"A propos de nous MenuA propos de nousFAQsContact A propos de nous Il est essentiel de maintenir une communication fluide, claire et bien structur\u00e9e entre les personnes, les entreprises et les institutions, pour que tout se passe au mieux.  Dans l'intention...","protected":false},"author":1,"featured_media":0,"parent":0,"menu_order":0,"comment_status":"closed","ping_status":"closed","template":"","meta":{"_acf_changed":false,"footnotes":""},"class_list":["post-946","page","type-page","status-publish"],"acf":[],"_links":{"self":[{"href":"https:\/\/dev.como-domo.com\/fr\/wp-json\/wp\/v2\/pages\/946","targetHints":{"allow":["GET"]}}],"collection":[{"href":"https:\/\/dev.como-domo.com\/fr\/wp-json\/wp\/v2\/pages"}],"about":[{"href":"https:\/\/dev.como-domo.com\/fr\/wp-json\/wp\/v2\/types\/page"}],"author":[{"embeddable":true,"href":"https:\/\/dev.como-domo.com\/fr\/wp-json\/wp\/v2\/users\/1"}],"replies":[{"embeddable":true,"href":"https:\/\/dev.como-domo.com\/fr\/wp-json\/wp\/v2\/comments?post=946"}],"version-history":[{"count":55,"href":"https:\/\/dev.como-domo.com\/fr\/wp-json\/wp\/v2\/pages\/946\/revisions"}],"predecessor-version":[{"id":7491,"href":"https:\/\/dev.como-domo.com\/fr\/wp-json\/wp\/v2\/pages\/946\/revisions\/7491"}],"wp:attachment":[{"href":"https:\/\/dev.como-domo.com\/fr\/wp-json\/wp\/v2\/media?parent=946"}],"curies":[{"name":"wp","href":"https:\/\/api.w.org\/{rel}","templated":true}]}}